{"id":2,"date":"2022-10-04T09:37:53","date_gmt":"2022-10-04T09:37:53","guid":{"rendered":"https:\/\/saesoteria.fi\/kauppa\/?page_id=2"},"modified":"2025-05-19T06:06:48","modified_gmt":"2025-05-19T06:06:48","slug":"etusivu","status":"publish","type":"page","link":"https:\/\/saesoteria.fi\/kauppa\/","title":{"rendered":"Etusivu"},"content":{"rendered":"\n<p><strong>Antikvariaatti &#8211; Divari ja 3D-tulostekauppa Saesoteria<\/strong><\/p>\n\n\n\n<p><a href=\"https:\/\/saesoteria.fi\/kauppa\/shop\/\" data-type=\"URL\" data-id=\"https:\/\/saesoteria.fi\/kauppa\/shop\/\">Kauppa<\/a><\/p>\n\n\n\n<p>P\u00e4\u00e4alueina: kirjat, elokuvat ja konsolipelit ja 3D-tulosteet.<\/p>\n\n\n\n<p>Vuodesta 2015 toiminnassa ollut divari ja mukaan ovat tulleet 3D-tulosteet. Toimimme verkkokauppana. Verkkokauppa tarjoaa kasvavan valikoiman tuotteita.<\/p>\n\n\n\n<p>M\u00e4\u00e4r\u00e4alennukset:<\/p>\n\n\n\n<ul class=\"wp-block-list\">\n<li>20,00\u20ac ja sit\u00e4 suurempien tilausten kokonaishinnasta v\u00e4hennet\u00e4\u00e4n 3,00\u20ac.<\/li>\n\n\n\n<li>40,00\u20ac ja sit\u00e4 suurempien tilausten toimitus ilman posti- ja toimituskuluja.<\/li>\n<\/ul>\n\n\n\n<p>N\u00e4m\u00e4 alennukset eiv\u00e4t vaadi lis\u00e4toimia ostajalta, vaan huomioidaan laskulla.<\/p>\n\n\n\n<p><a href=\"https:\/\/saesoteria.fi\/kauppa\/kaupan-ohje\/\" data-type=\"URL\" data-id=\"https:\/\/saesoteria.fi\/kauppa\/kaupan-ohje\/\">Kaupan ohje<\/a><br><a href=\"https:\/\/saesoteria.fi\/kauppa\/yhteystiedot\/\" data-type=\"URL\" data-id=\"https:\/\/saesoteria.fi\/kauppa\/yhteystiedot\/\">Yhteystiedot<\/a><\/p>\n\n\n\n<h4 class=\"wp-block-heading\">Saesoteria AI -Teko\u00e4lypalvelumme<\/h4>\n\n\n\n<p>Teko\u00e4lyn k\u00e4ytt\u00f6\u00e4 eri k\u00e4ytt\u00f6tarpeisiin<\/p>\n\n\n\n<p><a href=\"https:\/\/saesoteria.fi\/kauppa\/saesoteria-ai-tekoalypalvelu\/\" data-type=\"link\" data-id=\"https:\/\/saesoteria.fi\/kauppa\/saesoteria-ai-tekoalypalvelu\/\">Saesoteria AI -Teko\u00e4lypalvelu<\/a><\/p>\n","protected":false},"excerpt":{"rendered":"<p>Antikvariaatti &#8211; Divari ja 3D-tulostekauppa Saesoteria Kauppa P\u00e4\u00e4alueina: kirjat, elokuvat ja konsolipelit ja 3D-tulosteet. Vuodesta 2015 toiminnassa ollut divari ja mukaan ovat tulleet 3D-tulosteet. Toimimme verkkokauppana. Verkkokauppa tarjoaa kasvavan valikoiman tuotteita. M\u00e4\u00e4r\u00e4alennukset: N\u00e4m\u00e4 alennukset eiv\u00e4t vaadi lis\u00e4toimia ostajalta, vaan huomioidaan laskulla. Kaupan ohjeYhteystiedot Saesoteria AI -Teko\u00e4lypalvelumme Teko\u00e4lyn k\u00e4ytt\u00f6\u00e4 eri k\u00e4ytt\u00f6tarpeisiin Saesoteria AI -Teko\u00e4lypalvelu<\/p>\n","protected":false},"author":1,"featured_media":0,"parent":0,"menu_order":0,"comment_status":"closed","ping_status":"closed","template":"","meta":{"footnotes":""},"class_list":["post-2","page","type-page","status-publish","hentry"],"_links":{"self":[{"href":"https:\/\/saesoteria.fi\/kauppa\/wp-json\/wp\/v2\/pages\/2","targetHints":{"allow":["GET"]}}],"collection":[{"href":"https:\/\/saesoteria.fi\/kauppa\/wp-json\/wp\/v2\/pages"}],"about":[{"href":"https:\/\/saesoteria.fi\/kauppa\/wp-json\/wp\/v2\/types\/page"}],"author":[{"embeddable":true,"href":"https:\/\/saesoteria.fi\/kauppa\/wp-json\/wp\/v2\/users\/1"}],"replies":[{"embeddable":true,"href":"https:\/\/saesoteria.fi\/kauppa\/wp-json\/wp\/v2\/comments?post=2"}],"version-history":[{"count":7,"href":"https:\/\/saesoteria.fi\/kauppa\/wp-json\/wp\/v2\/pages\/2\/revisions"}],"predecessor-version":[{"id":9376,"href":"https:\/\/saesoteria.fi\/kauppa\/wp-json\/wp\/v2\/pages\/2\/revisions\/9376"}],"wp:attachment":[{"href":"https:\/\/saesoteria.fi\/kauppa\/wp-json\/wp\/v2\/media?parent=2"}],"curies":[{"name":"wp","href":"https:\/\/api.w.org\/{rel}","templated":true}]}}