{"id":1759,"date":"2016-01-09T12:00:04","date_gmt":"2016-01-09T12:00:04","guid":{"rendered":"https:\/\/saesoteria.fi\/kauppa\/?post_type=product&#038;p=1759"},"modified":"2022-10-05T09:38:15","modified_gmt":"2022-10-05T09:38:15","slug":"fall-of-the-multiverse-samuli-aalto","status":"publish","type":"product","link":"https:\/\/saesoteria.fi\/kauppa\/tuote\/fall-of-the-multiverse-samuli-aalto\/","title":{"rendered":"Fall of the Multiverse, Samuli Aalto"},"content":{"rendered":"","protected":false},"excerpt":{"rendered":"<p>Tekij\u00e4: Samuli Aalto<br \/>\nTuoteryhm\u00e4:<br \/>\nKustantaja: Books on Demand<br \/>\nKieli: englanti<br \/>\nPainovuosi: 2012<br \/>\nPainos:<br \/>\nSivum\u00e4\u00e4r\u00e4: 124s.<br \/>\nSidonta: nidottu<br \/>\nKunto: K5 (K5=uusi, K4=erinomainen, K3=hyv\u00e4, K2=tyydytt\u00e4v\u00e4, K1=kehno) <\/p>\n","protected":false},"featured_media":1760,"template":"","meta":[],"product_brand":[],"product_cat":[75,73,21],"product_tag":[],"class_list":{"0":"post-1759","1":"product","2":"type-product","3":"status-publish","4":"has-post-thumbnail","6":"product_cat-hengellisyys","7":"product_cat-kaunokirjallisuus","8":"product_cat-mieli","10":"first","11":"instock","12":"shipping-taxable","13":"purchasable","14":"product-type-simple"},"_links":{"self":[{"href":"https:\/\/saesoteria.fi\/kauppa\/wp-json\/wp\/v2\/product\/1759","targetHints":{"allow":["GET"]}}],"collection":[{"href":"https:\/\/saesoteria.fi\/kauppa\/wp-json\/wp\/v2\/product"}],"about":[{"href":"https:\/\/saesoteria.fi\/kauppa\/wp-json\/wp\/v2\/types\/product"}],"wp:featuredmedia":[{"embeddable":true,"href":"https:\/\/saesoteria.fi\/kauppa\/wp-json\/wp\/v2\/media\/1760"}],"wp:attachment":[{"href":"https:\/\/saesoteria.fi\/kauppa\/wp-json\/wp\/v2\/media?parent=1759"}],"wp:term":[{"taxonomy":"product_brand","embeddable":true,"href":"https:\/\/saesoteria.fi\/kauppa\/wp-json\/wp\/v2\/product_brand?post=1759"},{"taxonomy":"product_cat","embeddable":true,"href":"https:\/\/saesoteria.fi\/kauppa\/wp-json\/wp\/v2\/product_cat?post=1759"},{"taxonomy":"product_tag","embeddable":true,"href":"https:\/\/saesoteria.fi\/kauppa\/wp-json\/wp\/v2\/product_tag?post=1759"}],"curies":[{"name":"wp","href":"https:\/\/api.w.org\/{rel}","templated":true}]}}