{"id":2911,"date":"2016-05-27T10:20:17","date_gmt":"2016-05-27T10:20:17","guid":{"rendered":"https:\/\/saesoteria.fi\/kauppa\/?post_type=product&#038;p=2911"},"modified":"2022-10-05T09:50:03","modified_gmt":"2022-10-05T09:50:03","slug":"suomenlinna-tuulee-kesat-talvet-juhani-seppovaara","status":"publish","type":"product","link":"https:\/\/saesoteria.fi\/kauppa\/tuote\/suomenlinna-tuulee-kesat-talvet-juhani-seppovaara\/","title":{"rendered":"Suomenlinna &#8211; tuulee kes\u00e4t talvet, Juhani Seppovaara"},"content":{"rendered":"","protected":false},"excerpt":{"rendered":"<p>Tekij\u00e4:Juhani Seppovaara<br \/>\nTuoteryhm\u00e4:<br \/>\nKustantaja:RAK<br \/>\nKieli:suomi<br \/>\nPainovuosi:1999<br \/>\nPainos:<br \/>\nSivum\u00e4\u00e4r\u00e4: 92s.<br \/>\nSidonta:sidottu, kansipaperit<br \/>\nKunto: K3 (K5=uusi, K4=erinomainen, K3=hyv\u00e4, K2=tyydytt\u00e4v\u00e4, K1=kehno)<\/p>\n","protected":false},"featured_media":2912,"template":"","meta":[],"product_brand":[],"product_cat":[85,62,20,83,60],"product_tag":[],"class_list":{"0":"post-2911","1":"product","2":"type-product","3":"status-publish","4":"has-post-thumbnail","6":"product_cat-historia","7":"product_cat-matkailu","8":"product_cat-oppaat","9":"product_cat-sota","10":"product_cat-tietokirjallisuus","12":"first","13":"instock","14":"shipping-taxable","15":"purchasable","16":"product-type-simple"},"_links":{"self":[{"href":"https:\/\/saesoteria.fi\/kauppa\/wp-json\/wp\/v2\/product\/2911","targetHints":{"allow":["GET"]}}],"collection":[{"href":"https:\/\/saesoteria.fi\/kauppa\/wp-json\/wp\/v2\/product"}],"about":[{"href":"https:\/\/saesoteria.fi\/kauppa\/wp-json\/wp\/v2\/types\/product"}],"wp:featuredmedia":[{"embeddable":true,"href":"https:\/\/saesoteria.fi\/kauppa\/wp-json\/wp\/v2\/media\/2912"}],"wp:attachment":[{"href":"https:\/\/saesoteria.fi\/kauppa\/wp-json\/wp\/v2\/media?parent=2911"}],"wp:term":[{"taxonomy":"product_brand","embeddable":true,"href":"https:\/\/saesoteria.fi\/kauppa\/wp-json\/wp\/v2\/product_brand?post=2911"},{"taxonomy":"product_cat","embeddable":true,"href":"https:\/\/saesoteria.fi\/kauppa\/wp-json\/wp\/v2\/product_cat?post=2911"},{"taxonomy":"product_tag","embeddable":true,"href":"https:\/\/saesoteria.fi\/kauppa\/wp-json\/wp\/v2\/product_tag?post=2911"}],"curies":[{"name":"wp","href":"https:\/\/api.w.org\/{rel}","templated":true}]}}