{"id":2953,"date":"2016-06-03T10:10:42","date_gmt":"2016-06-03T10:10:42","guid":{"rendered":"https:\/\/saesoteria.fi\/kauppa\/?post_type=product&#038;p=2953"},"modified":"2022-10-05T09:50:11","modified_gmt":"2022-10-05T09:50:11","slug":"lepikon-torppa-alfred-kolehmainen","status":"publish","type":"product","link":"https:\/\/saesoteria.fi\/kauppa\/tuote\/lepikon-torppa-alfred-kolehmainen\/","title":{"rendered":"Lepikon Torppa, Alfred Kolehmainen"},"content":{"rendered":"","protected":false},"excerpt":{"rendered":"<p>Tekij\u00e4:Alfred Kolehmainen<br \/>\nTuoteryhm\u00e4:<br \/>\nKustantaja:RAK<br \/>\nKieli:suomi<br \/>\nPainovuosi:2000<br \/>\nPainos:<br \/>\nSivum\u00e4\u00e4r\u00e4:72s.<br \/>\nSidonta:sidottu, kuvakannet<br \/>\nKunto: K3(K5=uusi, K4=erinomainen, K3=hyv\u00e4, K2=tyydytt\u00e4v\u00e4, K1=kehno)<\/p>\n","protected":false},"featured_media":2954,"template":"","meta":[],"product_brand":[],"product_cat":[63,60],"product_tag":[],"class_list":{"0":"post-2953","1":"product","2":"type-product","3":"status-publish","4":"has-post-thumbnail","6":"product_cat-rakennustekniikka","7":"product_cat-tietokirjallisuus","9":"first","10":"instock","11":"shipping-taxable","12":"purchasable","13":"product-type-simple"},"_links":{"self":[{"href":"https:\/\/saesoteria.fi\/kauppa\/wp-json\/wp\/v2\/product\/2953","targetHints":{"allow":["GET"]}}],"collection":[{"href":"https:\/\/saesoteria.fi\/kauppa\/wp-json\/wp\/v2\/product"}],"about":[{"href":"https:\/\/saesoteria.fi\/kauppa\/wp-json\/wp\/v2\/types\/product"}],"wp:featuredmedia":[{"embeddable":true,"href":"https:\/\/saesoteria.fi\/kauppa\/wp-json\/wp\/v2\/media\/2954"}],"wp:attachment":[{"href":"https:\/\/saesoteria.fi\/kauppa\/wp-json\/wp\/v2\/media?parent=2953"}],"wp:term":[{"taxonomy":"product_brand","embeddable":true,"href":"https:\/\/saesoteria.fi\/kauppa\/wp-json\/wp\/v2\/product_brand?post=2953"},{"taxonomy":"product_cat","embeddable":true,"href":"https:\/\/saesoteria.fi\/kauppa\/wp-json\/wp\/v2\/product_cat?post=2953"},{"taxonomy":"product_tag","embeddable":true,"href":"https:\/\/saesoteria.fi\/kauppa\/wp-json\/wp\/v2\/product_tag?post=2953"}],"curies":[{"name":"wp","href":"https:\/\/api.w.org\/{rel}","templated":true}]}}