{"id":2964,"date":"2016-06-04T11:07:11","date_gmt":"2016-06-04T11:07:11","guid":{"rendered":"https:\/\/saesoteria.fi\/kauppa\/?post_type=product&#038;p=2964"},"modified":"2022-10-05T09:50:19","modified_gmt":"2022-10-05T09:50:19","slug":"tanssiva-katusulku-kestavan-kehityksen-tositarinoita-helsingin-seudulta-ella-korhonen-sarianne-tikkanen","status":"publish","type":"product","link":"https:\/\/saesoteria.fi\/kauppa\/tuote\/tanssiva-katusulku-kestavan-kehityksen-tositarinoita-helsingin-seudulta-ella-korhonen-sarianne-tikkanen\/","title":{"rendered":"Tanssiva Katusulku &#8211; Kest\u00e4v\u00e4n kehityksen tositarinoita Helsingin seudulta, Ella Korhonen, Sarianne Tikkanen"},"content":{"rendered":"","protected":false},"excerpt":{"rendered":"<p>Tekij\u00e4:Ella Korhonen, Sarianne Tikkanen<br \/>\nTuoteryhm\u00e4:<br \/>\nKustantaja:RAK<br \/>\nKieli:suomi<br \/>\nPainovuosi:2002<br \/>\nPainos:<br \/>\nSivum\u00e4\u00e4r\u00e4:425s.<br \/>\nSidonta:nidottu<br \/>\nKunto: K4(K5=uusi, K4=erinomainen, K3=hyv\u00e4, K2=tyydytt\u00e4v\u00e4, K1=kehno) <\/p>\n","protected":false},"featured_media":2965,"template":"","meta":[],"product_brand":[],"product_cat":[63,60,79],"product_tag":[],"class_list":{"0":"post-2964","1":"product","2":"type-product","3":"status-publish","4":"has-post-thumbnail","6":"product_cat-rakennustekniikka","7":"product_cat-tietokirjallisuus","8":"product_cat-yhteiskunta","10":"first","11":"instock","12":"shipping-taxable","13":"purchasable","14":"product-type-simple"},"_links":{"self":[{"href":"https:\/\/saesoteria.fi\/kauppa\/wp-json\/wp\/v2\/product\/2964","targetHints":{"allow":["GET"]}}],"collection":[{"href":"https:\/\/saesoteria.fi\/kauppa\/wp-json\/wp\/v2\/product"}],"about":[{"href":"https:\/\/saesoteria.fi\/kauppa\/wp-json\/wp\/v2\/types\/product"}],"wp:featuredmedia":[{"embeddable":true,"href":"https:\/\/saesoteria.fi\/kauppa\/wp-json\/wp\/v2\/media\/2965"}],"wp:attachment":[{"href":"https:\/\/saesoteria.fi\/kauppa\/wp-json\/wp\/v2\/media?parent=2964"}],"wp:term":[{"taxonomy":"product_brand","embeddable":true,"href":"https:\/\/saesoteria.fi\/kauppa\/wp-json\/wp\/v2\/product_brand?post=2964"},{"taxonomy":"product_cat","embeddable":true,"href":"https:\/\/saesoteria.fi\/kauppa\/wp-json\/wp\/v2\/product_cat?post=2964"},{"taxonomy":"product_tag","embeddable":true,"href":"https:\/\/saesoteria.fi\/kauppa\/wp-json\/wp\/v2\/product_tag?post=2964"}],"curies":[{"name":"wp","href":"https:\/\/api.w.org\/{rel}","templated":true}]}}