{"id":2969,"date":"2016-06-04T11:19:09","date_gmt":"2016-06-04T11:19:09","guid":{"rendered":"https:\/\/saesoteria.fi\/kauppa\/?post_type=product&#038;p=2969"},"modified":"2022-10-05T09:50:26","modified_gmt":"2022-10-05T09:50:26","slug":"metropoleista-muotoiluun-ymparisto-luonto-alue-rakennus-esine-tapio-perainen","status":"publish","type":"product","link":"https:\/\/saesoteria.fi\/kauppa\/tuote\/metropoleista-muotoiluun-ymparisto-luonto-alue-rakennus-esine-tapio-perainen\/","title":{"rendered":"Metropoleista muotoiluun &#8211; Ymp\u00e4rist\u00f6 = Luonto + Alue + Rakennus + Esine, Tapio Per\u00e4inen"},"content":{"rendered":"","protected":false},"excerpt":{"rendered":"<p>Tekij\u00e4:Tapio Per\u00e4inen<br \/>\nTuoteryhm\u00e4:<br \/>\nKustantaja:RAK<br \/>\nKieli:suomi<br \/>\nPainovuosi:1996<br \/>\nPainos:<br \/>\nSivum\u00e4\u00e4r\u00e4:229s.<br \/>\nSidonta:nidottu<br \/>\nKunto:K4 (K5=uusi, K4=erinomainen, K3=hyv\u00e4, K2=tyydytt\u00e4v\u00e4, K1=kehno) <\/p>\n","protected":false},"featured_media":2970,"template":"","meta":[],"product_brand":[],"product_cat":[63,60,79],"product_tag":[],"class_list":{"0":"post-2969","1":"product","2":"type-product","3":"status-publish","4":"has-post-thumbnail","6":"product_cat-rakennustekniikka","7":"product_cat-tietokirjallisuus","8":"product_cat-yhteiskunta","10":"first","11":"instock","12":"shipping-taxable","13":"purchasable","14":"product-type-simple"},"_links":{"self":[{"href":"https:\/\/saesoteria.fi\/kauppa\/wp-json\/wp\/v2\/product\/2969","targetHints":{"allow":["GET"]}}],"collection":[{"href":"https:\/\/saesoteria.fi\/kauppa\/wp-json\/wp\/v2\/product"}],"about":[{"href":"https:\/\/saesoteria.fi\/kauppa\/wp-json\/wp\/v2\/types\/product"}],"wp:featuredmedia":[{"embeddable":true,"href":"https:\/\/saesoteria.fi\/kauppa\/wp-json\/wp\/v2\/media\/2970"}],"wp:attachment":[{"href":"https:\/\/saesoteria.fi\/kauppa\/wp-json\/wp\/v2\/media?parent=2969"}],"wp:term":[{"taxonomy":"product_brand","embeddable":true,"href":"https:\/\/saesoteria.fi\/kauppa\/wp-json\/wp\/v2\/product_brand?post=2969"},{"taxonomy":"product_cat","embeddable":true,"href":"https:\/\/saesoteria.fi\/kauppa\/wp-json\/wp\/v2\/product_cat?post=2969"},{"taxonomy":"product_tag","embeddable":true,"href":"https:\/\/saesoteria.fi\/kauppa\/wp-json\/wp\/v2\/product_tag?post=2969"}],"curies":[{"name":"wp","href":"https:\/\/api.w.org\/{rel}","templated":true}]}}