{"id":2972,"date":"2016-06-08T09:32:31","date_gmt":"2016-06-08T09:32:31","guid":{"rendered":"https:\/\/saesoteria.fi\/kauppa\/?post_type=product&#038;p=2972"},"modified":"2022-10-05T09:50:50","modified_gmt":"2022-10-05T09:50:50","slug":"byggarsvenska-2-katajisto-kujalaturunen","status":"publish","type":"product","link":"https:\/\/saesoteria.fi\/kauppa\/tuote\/byggarsvenska-2-katajisto-kujalaturunen\/","title":{"rendered":"Byggarsvenska 2, Katajisto, Kujala,Turunen"},"content":{"rendered":"","protected":false},"excerpt":{"rendered":"<p>Tekij\u00e4:Raili Katajisto, Riitta Kujala, Helj\u00e4 Turunen<br \/>\nTuoteryhm\u00e4:<br \/>\nKustantaja:Rakentajain Kustannus Oy<br \/>\nKieli:<br \/>\nPainovuosi:1988<br \/>\nPainos:<br \/>\nSivum\u00e4\u00e4r\u00e4:185s.<br \/>\nSidonta:nidottu<br \/>\nKunto: K3 (K5=uusi, K4=erinomainen, K3=hyv\u00e4, K2=tyydytt\u00e4v\u00e4, K1=kehno) <\/p>\n","protected":false},"featured_media":2996,"template":"","meta":[],"product_brand":[],"product_cat":[62,80,63],"product_tag":[],"class_list":{"0":"post-2972","1":"product","2":"type-product","3":"status-publish","4":"has-post-thumbnail","6":"product_cat-matkailu","7":"product_cat-oppikirjat","8":"product_cat-rakennustekniikka","10":"first","11":"instock","12":"shipping-taxable","13":"purchasable","14":"product-type-simple"},"_links":{"self":[{"href":"https:\/\/saesoteria.fi\/kauppa\/wp-json\/wp\/v2\/product\/2972","targetHints":{"allow":["GET"]}}],"collection":[{"href":"https:\/\/saesoteria.fi\/kauppa\/wp-json\/wp\/v2\/product"}],"about":[{"href":"https:\/\/saesoteria.fi\/kauppa\/wp-json\/wp\/v2\/types\/product"}],"wp:featuredmedia":[{"embeddable":true,"href":"https:\/\/saesoteria.fi\/kauppa\/wp-json\/wp\/v2\/media\/2996"}],"wp:attachment":[{"href":"https:\/\/saesoteria.fi\/kauppa\/wp-json\/wp\/v2\/media?parent=2972"}],"wp:term":[{"taxonomy":"product_brand","embeddable":true,"href":"https:\/\/saesoteria.fi\/kauppa\/wp-json\/wp\/v2\/product_brand?post=2972"},{"taxonomy":"product_cat","embeddable":true,"href":"https:\/\/saesoteria.fi\/kauppa\/wp-json\/wp\/v2\/product_cat?post=2972"},{"taxonomy":"product_tag","embeddable":true,"href":"https:\/\/saesoteria.fi\/kauppa\/wp-json\/wp\/v2\/product_tag?post=2972"}],"curies":[{"name":"wp","href":"https:\/\/api.w.org\/{rel}","templated":true}]}}