{"id":335,"date":"2015-10-10T13:25:57","date_gmt":"2015-10-10T13:25:57","guid":{"rendered":"https:\/\/saesoteria.fi\/kauppa\/?post_type=product&#038;p=335"},"modified":"2022-10-06T06:04:16","modified_gmt":"2022-10-06T06:04:16","slug":"nayttelijatar","status":"publish","type":"product","link":"https:\/\/saesoteria.fi\/kauppa\/tuote\/nayttelijatar\/","title":{"rendered":"N\u00e4yttelij\u00e4t\u00e4r"},"content":{"rendered":"","protected":false},"excerpt":{"rendered":"<p>Tekij\u00e4:W. Somerset Maugham<br \/>\nTuoteryhm\u00e4:vanha kaunokirjallisuus<br \/>\nKustantaja:Otava<br \/>\nKieli:suomi<br \/>\nPainovuosi:1951<br \/>\nPainos:<br \/>\nSivum\u00e4\u00e4r\u00e4:275s.<br \/>\nSidonta:sidottu<br \/>\nKunto: K3(K5=uusi, K4=erinomainen, K3=hyv\u00e4, K2=tyydytt\u00e4v\u00e4, K1=kehno) <\/p>\n","protected":false},"featured_media":933,"template":"","meta":[],"product_brand":[],"product_cat":[23],"product_tag":[],"class_list":{"0":"post-335","1":"product","2":"type-product","3":"status-publish","4":"has-post-thumbnail","6":"product_cat-vanhakaunokirjallisuus","8":"first","9":"instock","10":"shipping-taxable","11":"purchasable","12":"product-type-simple"},"_links":{"self":[{"href":"https:\/\/saesoteria.fi\/kauppa\/wp-json\/wp\/v2\/product\/335","targetHints":{"allow":["GET"]}}],"collection":[{"href":"https:\/\/saesoteria.fi\/kauppa\/wp-json\/wp\/v2\/product"}],"about":[{"href":"https:\/\/saesoteria.fi\/kauppa\/wp-json\/wp\/v2\/types\/product"}],"wp:featuredmedia":[{"embeddable":true,"href":"https:\/\/saesoteria.fi\/kauppa\/wp-json\/wp\/v2\/media\/933"}],"wp:attachment":[{"href":"https:\/\/saesoteria.fi\/kauppa\/wp-json\/wp\/v2\/media?parent=335"}],"wp:term":[{"taxonomy":"product_brand","embeddable":true,"href":"https:\/\/saesoteria.fi\/kauppa\/wp-json\/wp\/v2\/product_brand?post=335"},{"taxonomy":"product_cat","embeddable":true,"href":"https:\/\/saesoteria.fi\/kauppa\/wp-json\/wp\/v2\/product_cat?post=335"},{"taxonomy":"product_tag","embeddable":true,"href":"https:\/\/saesoteria.fi\/kauppa\/wp-json\/wp\/v2\/product_tag?post=335"}],"curies":[{"name":"wp","href":"https:\/\/api.w.org\/{rel}","templated":true}]}}