{"id":337,"date":"2015-10-10T13:34:45","date_gmt":"2015-10-10T13:34:45","guid":{"rendered":"https:\/\/saesoteria.fi\/kauppa\/?post_type=product&#038;p=337"},"modified":"2022-10-06T06:04:16","modified_gmt":"2022-10-06T06:04:16","slug":"olosuhteiden-oikkuja","status":"publish","type":"product","link":"https:\/\/saesoteria.fi\/kauppa\/tuote\/olosuhteiden-oikkuja\/","title":{"rendered":"Olosuhteiden oikkuja"},"content":{"rendered":"","protected":false},"excerpt":{"rendered":"<p>Tekij\u00e4:W. Somerset Maugham<br \/>\nTuoteryhm\u00e4:vanha kaunokirjallisuus<br \/>\nKustantaja:Otava<br \/>\nKieli:suomi<br \/>\nPainovuosi:1956<br \/>\nPainos:<br \/>\nSivum\u00e4\u00e4r\u00e4:363s.<br \/>\nSidonta:sidottu<br \/>\nKunto: K3(K5=uusi, K4=erinomainen, K3=hyv\u00e4, K2=tyydytt\u00e4v\u00e4, K1=kehno) <\/p>\n","protected":false},"featured_media":338,"template":"","meta":[],"product_brand":[],"product_cat":[23],"product_tag":[],"class_list":{"0":"post-337","1":"product","2":"type-product","3":"status-publish","4":"has-post-thumbnail","6":"product_cat-vanhakaunokirjallisuus","8":"first","9":"instock","10":"shipping-taxable","11":"purchasable","12":"product-type-simple"},"_links":{"self":[{"href":"https:\/\/saesoteria.fi\/kauppa\/wp-json\/wp\/v2\/product\/337","targetHints":{"allow":["GET"]}}],"collection":[{"href":"https:\/\/saesoteria.fi\/kauppa\/wp-json\/wp\/v2\/product"}],"about":[{"href":"https:\/\/saesoteria.fi\/kauppa\/wp-json\/wp\/v2\/types\/product"}],"wp:featuredmedia":[{"embeddable":true,"href":"https:\/\/saesoteria.fi\/kauppa\/wp-json\/wp\/v2\/media\/338"}],"wp:attachment":[{"href":"https:\/\/saesoteria.fi\/kauppa\/wp-json\/wp\/v2\/media?parent=337"}],"wp:term":[{"taxonomy":"product_brand","embeddable":true,"href":"https:\/\/saesoteria.fi\/kauppa\/wp-json\/wp\/v2\/product_brand?post=337"},{"taxonomy":"product_cat","embeddable":true,"href":"https:\/\/saesoteria.fi\/kauppa\/wp-json\/wp\/v2\/product_cat?post=337"},{"taxonomy":"product_tag","embeddable":true,"href":"https:\/\/saesoteria.fi\/kauppa\/wp-json\/wp\/v2\/product_tag?post=337"}],"curies":[{"name":"wp","href":"https:\/\/api.w.org\/{rel}","templated":true}]}}