{"id":3477,"date":"2016-09-06T10:41:39","date_gmt":"2016-09-06T10:41:39","guid":{"rendered":"https:\/\/saesoteria.fi\/kauppa\/?post_type=product&#038;p=3477"},"modified":"2022-10-05T09:56:34","modified_gmt":"2022-10-05T09:56:34","slug":"juoppohullun-paivakirja-dvd-uusi-muoveissa","status":"publish","type":"product","link":"https:\/\/saesoteria.fi\/kauppa\/tuote\/juoppohullun-paivakirja-dvd-uusi-muoveissa\/","title":{"rendered":"Juoppohullun p\u00e4iv\u00e4kirja (DVD) (UUSI MUOVEISSA)"},"content":{"rendered":"","protected":false},"excerpt":{"rendered":"<p>Laji:komedia<br \/>\nTuotantovuosi:2012<br \/>\nPituus:81 min<br \/>\nKuntoluokitus (levy\/kannet):UUSI MUOVEISSA<br \/>\n(M- = uutta vastaava \/ VG  = hyv\u00e4kuntoinen \/ VG = k\u00e4yt\u00f6st\u00e4 hieman j\u00e4lke\u00e4 \/ G = kulunut, mutta toimiva)<br \/>\nLis\u00e4tietoa elokuvasta saa  kirjoittamalla elokuvan nimen hakuun osoitteessa: www.imdb.com<\/p>\n","protected":false},"featured_media":3478,"template":"","meta":[],"product_brand":[],"product_cat":[32],"product_tag":[],"class_list":{"0":"post-3477","1":"product","2":"type-product","3":"status-publish","4":"has-post-thumbnail","6":"product_cat-komedia","8":"first","9":"instock","10":"shipping-taxable","11":"purchasable","12":"product-type-simple"},"_links":{"self":[{"href":"https:\/\/saesoteria.fi\/kauppa\/wp-json\/wp\/v2\/product\/3477","targetHints":{"allow":["GET"]}}],"collection":[{"href":"https:\/\/saesoteria.fi\/kauppa\/wp-json\/wp\/v2\/product"}],"about":[{"href":"https:\/\/saesoteria.fi\/kauppa\/wp-json\/wp\/v2\/types\/product"}],"wp:featuredmedia":[{"embeddable":true,"href":"https:\/\/saesoteria.fi\/kauppa\/wp-json\/wp\/v2\/media\/3478"}],"wp:attachment":[{"href":"https:\/\/saesoteria.fi\/kauppa\/wp-json\/wp\/v2\/media?parent=3477"}],"wp:term":[{"taxonomy":"product_brand","embeddable":true,"href":"https:\/\/saesoteria.fi\/kauppa\/wp-json\/wp\/v2\/product_brand?post=3477"},{"taxonomy":"product_cat","embeddable":true,"href":"https:\/\/saesoteria.fi\/kauppa\/wp-json\/wp\/v2\/product_cat?post=3477"},{"taxonomy":"product_tag","embeddable":true,"href":"https:\/\/saesoteria.fi\/kauppa\/wp-json\/wp\/v2\/product_tag?post=3477"}],"curies":[{"name":"wp","href":"https:\/\/api.w.org\/{rel}","templated":true}]}}