{"id":3853,"date":"2016-10-20T10:51:34","date_gmt":"2016-10-20T10:51:34","guid":{"rendered":"https:\/\/saesoteria.fi\/kauppa\/?post_type=product&#038;p=3853"},"modified":"2022-10-05T10:01:04","modified_gmt":"2022-10-05T10:01:04","slug":"viimeinen-uhri-dvd","status":"publish","type":"product","link":"https:\/\/saesoteria.fi\/kauppa\/tuote\/viimeinen-uhri-dvd\/","title":{"rendered":"Viimeinen Uhri (DVD)"},"content":{"rendered":"","protected":false},"excerpt":{"rendered":"<p>Laji:trilleri, draama<br \/>\nTuotantovuosi:2007<br \/>\nPituus:1t 26min<br \/>\nKuntoluokitus (levy\/kannet):VG \/VG<br \/>\n(M- = uutta vastaava \/ VG  = hyv\u00e4kuntoinen \/ VG = k\u00e4yt\u00f6st\u00e4 hieman j\u00e4lke\u00e4 \/ G = kulunut, mutta toimiva)<br \/>\nLis\u00e4tietoa elokuvasta saa  kirjoittamalla elokuvan nimen hakuun osoitteessa: www.imdb.com<\/p>\n","protected":false},"featured_media":3854,"template":"","meta":[],"product_brand":[],"product_cat":[31,27],"product_tag":[],"class_list":{"0":"post-3853","1":"product","2":"type-product","3":"status-publish","4":"has-post-thumbnail","6":"product_cat-draama","7":"product_cat-trilleri","9":"first","10":"instock","11":"shipping-taxable","12":"purchasable","13":"product-type-simple"},"_links":{"self":[{"href":"https:\/\/saesoteria.fi\/kauppa\/wp-json\/wp\/v2\/product\/3853","targetHints":{"allow":["GET"]}}],"collection":[{"href":"https:\/\/saesoteria.fi\/kauppa\/wp-json\/wp\/v2\/product"}],"about":[{"href":"https:\/\/saesoteria.fi\/kauppa\/wp-json\/wp\/v2\/types\/product"}],"wp:featuredmedia":[{"embeddable":true,"href":"https:\/\/saesoteria.fi\/kauppa\/wp-json\/wp\/v2\/media\/3854"}],"wp:attachment":[{"href":"https:\/\/saesoteria.fi\/kauppa\/wp-json\/wp\/v2\/media?parent=3853"}],"wp:term":[{"taxonomy":"product_brand","embeddable":true,"href":"https:\/\/saesoteria.fi\/kauppa\/wp-json\/wp\/v2\/product_brand?post=3853"},{"taxonomy":"product_cat","embeddable":true,"href":"https:\/\/saesoteria.fi\/kauppa\/wp-json\/wp\/v2\/product_cat?post=3853"},{"taxonomy":"product_tag","embeddable":true,"href":"https:\/\/saesoteria.fi\/kauppa\/wp-json\/wp\/v2\/product_tag?post=3853"}],"curies":[{"name":"wp","href":"https:\/\/api.w.org\/{rel}","templated":true}]}}