{"id":3875,"date":"2016-10-31T09:10:21","date_gmt":"2016-10-31T09:10:21","guid":{"rendered":"https:\/\/saesoteria.fi\/kauppa\/?post_type=product&#038;p=3875"},"modified":"2022-10-05T10:01:29","modified_gmt":"2022-10-05T10:01:29","slug":"spider-man-hamahakkimies-dvd","status":"publish","type":"product","link":"https:\/\/saesoteria.fi\/kauppa\/tuote\/spider-man-hamahakkimies-dvd\/","title":{"rendered":"Spider-Man &#8211; H\u00e4m\u00e4h\u00e4kkimies (DVD)"},"content":{"rendered":"","protected":false},"excerpt":{"rendered":"<p>Laji:toiminta<br \/>\nTuotantovuosi:2002<br \/>\nPituus:1 h 56 min<br \/>\nKuntoluokitus (levy\/kannet):VG \/VG<br \/>\n(M- = uutta vastaava \/ VG  = hyv\u00e4kuntoinen \/ VG = k\u00e4yt\u00f6st\u00e4 hieman j\u00e4lke\u00e4 \/ G = kulunut, mutta toimiva)<br \/>\nLis\u00e4tietoa elokuvasta saa  kirjoittamalla elokuvan nimen hakuun osoitteessa: www.imdb.com<\/p>\n","protected":false},"featured_media":3876,"template":"","meta":[],"product_brand":[],"product_cat":[29],"product_tag":[],"class_list":{"0":"post-3875","1":"product","2":"type-product","3":"status-publish","4":"has-post-thumbnail","6":"product_cat-toiminta","8":"first","9":"instock","10":"shipping-taxable","11":"purchasable","12":"product-type-simple"},"_links":{"self":[{"href":"https:\/\/saesoteria.fi\/kauppa\/wp-json\/wp\/v2\/product\/3875","targetHints":{"allow":["GET"]}}],"collection":[{"href":"https:\/\/saesoteria.fi\/kauppa\/wp-json\/wp\/v2\/product"}],"about":[{"href":"https:\/\/saesoteria.fi\/kauppa\/wp-json\/wp\/v2\/types\/product"}],"wp:featuredmedia":[{"embeddable":true,"href":"https:\/\/saesoteria.fi\/kauppa\/wp-json\/wp\/v2\/media\/3876"}],"wp:attachment":[{"href":"https:\/\/saesoteria.fi\/kauppa\/wp-json\/wp\/v2\/media?parent=3875"}],"wp:term":[{"taxonomy":"product_brand","embeddable":true,"href":"https:\/\/saesoteria.fi\/kauppa\/wp-json\/wp\/v2\/product_brand?post=3875"},{"taxonomy":"product_cat","embeddable":true,"href":"https:\/\/saesoteria.fi\/kauppa\/wp-json\/wp\/v2\/product_cat?post=3875"},{"taxonomy":"product_tag","embeddable":true,"href":"https:\/\/saesoteria.fi\/kauppa\/wp-json\/wp\/v2\/product_tag?post=3875"}],"curies":[{"name":"wp","href":"https:\/\/api.w.org\/{rel}","templated":true}]}}