{"id":4224,"date":"2015-10-30T13:31:42","date_gmt":"2015-10-30T13:31:42","guid":{"rendered":"https:\/\/saesoteria.fi\/kauppa\/?post_type=product&#038;p=4224"},"modified":"2022-10-05T10:11:02","modified_gmt":"2022-10-05T10:11:02","slug":"diablo-iii-reaper-of-souls-expansion-set-pc-uusi-muoveissa","status":"publish","type":"product","link":"https:\/\/saesoteria.fi\/kauppa\/tuote\/diablo-iii-reaper-of-souls-expansion-set-pc-uusi-muoveissa\/","title":{"rendered":"Diablo III &#8211; Reaper of Souls, Expansion set (PC, Uusi muoveissa)"},"content":{"rendered":"","protected":false},"excerpt":{"rendered":"<p>Kuntoluokitus (levy\/kannet):UUSI MUOVEISSA<br \/>\n(M- = uutta vastaava \/ VG  = hyv\u00e4 kuntoinen \/ VG = k\u00e4yt\u00f6st\u00e4 hieman j\u00e4lke\u00e4 \/ G = kulunut, mutta toimiva)<\/p>\n","protected":false},"featured_media":838,"template":"","meta":[],"product_brand":[],"product_cat":[46],"product_tag":[],"class_list":{"0":"post-4224","1":"product","2":"type-product","3":"status-publish","4":"has-post-thumbnail","6":"product_cat-pc","8":"first","9":"instock","10":"shipping-taxable","11":"purchasable","12":"product-type-simple"},"_links":{"self":[{"href":"https:\/\/saesoteria.fi\/kauppa\/wp-json\/wp\/v2\/product\/4224","targetHints":{"allow":["GET"]}}],"collection":[{"href":"https:\/\/saesoteria.fi\/kauppa\/wp-json\/wp\/v2\/product"}],"about":[{"href":"https:\/\/saesoteria.fi\/kauppa\/wp-json\/wp\/v2\/types\/product"}],"wp:featuredmedia":[{"embeddable":true,"href":"https:\/\/saesoteria.fi\/kauppa\/wp-json\/wp\/v2\/media\/838"}],"wp:attachment":[{"href":"https:\/\/saesoteria.fi\/kauppa\/wp-json\/wp\/v2\/media?parent=4224"}],"wp:term":[{"taxonomy":"product_brand","embeddable":true,"href":"https:\/\/saesoteria.fi\/kauppa\/wp-json\/wp\/v2\/product_brand?post=4224"},{"taxonomy":"product_cat","embeddable":true,"href":"https:\/\/saesoteria.fi\/kauppa\/wp-json\/wp\/v2\/product_cat?post=4224"},{"taxonomy":"product_tag","embeddable":true,"href":"https:\/\/saesoteria.fi\/kauppa\/wp-json\/wp\/v2\/product_tag?post=4224"}],"curies":[{"name":"wp","href":"https:\/\/api.w.org\/{rel}","templated":true}]}}