{"id":4374,"date":"2017-04-11T08:35:00","date_gmt":"2017-04-11T08:35:00","guid":{"rendered":"https:\/\/saesoteria.fi\/kauppa\/?post_type=product&#038;p=4374"},"modified":"2022-10-05T10:23:35","modified_gmt":"2022-10-05T10:23:35","slug":"the-end-of-work-jeremy-rifkin","status":"publish","type":"product","link":"https:\/\/saesoteria.fi\/kauppa\/tuote\/the-end-of-work-jeremy-rifkin\/","title":{"rendered":"The End of Work, Jeremy Rifkin"},"content":{"rendered":"","protected":false},"excerpt":{"rendered":"<p>Tekij\u00e4:Jeremy Rifkin<br \/>\nKustantaja:<br \/>\nKieli:eglanti<br \/>\nPainovuosi:2004<br \/>\nPainos:<br \/>\nSivum\u00e4\u00e4r\u00e4:352s.<br \/>\nSidonta:nodittu<br \/>\nKunto:K3 (K5=uusi, K4=erinomainen, K3=hyv\u00e4, K2=tyydytt\u00e4v\u00e4, K1=kehno)<\/p>\n","protected":false},"featured_media":4846,"template":"","meta":[],"product_brand":[],"product_cat":[50,69,77,60,79],"product_tag":[],"class_list":{"0":"post-4374","1":"product","2":"type-product","3":"status-publish","4":"has-post-thumbnail","6":"product_cat-englanninkielinen","7":"product_cat-koneet","8":"product_cat-liike-elama","9":"product_cat-tietokirjallisuus","10":"product_cat-yhteiskunta","12":"first","13":"instock","14":"shipping-taxable","15":"purchasable","16":"product-type-simple"},"_links":{"self":[{"href":"https:\/\/saesoteria.fi\/kauppa\/wp-json\/wp\/v2\/product\/4374","targetHints":{"allow":["GET"]}}],"collection":[{"href":"https:\/\/saesoteria.fi\/kauppa\/wp-json\/wp\/v2\/product"}],"about":[{"href":"https:\/\/saesoteria.fi\/kauppa\/wp-json\/wp\/v2\/types\/product"}],"wp:featuredmedia":[{"embeddable":true,"href":"https:\/\/saesoteria.fi\/kauppa\/wp-json\/wp\/v2\/media\/4846"}],"wp:attachment":[{"href":"https:\/\/saesoteria.fi\/kauppa\/wp-json\/wp\/v2\/media?parent=4374"}],"wp:term":[{"taxonomy":"product_brand","embeddable":true,"href":"https:\/\/saesoteria.fi\/kauppa\/wp-json\/wp\/v2\/product_brand?post=4374"},{"taxonomy":"product_cat","embeddable":true,"href":"https:\/\/saesoteria.fi\/kauppa\/wp-json\/wp\/v2\/product_cat?post=4374"},{"taxonomy":"product_tag","embeddable":true,"href":"https:\/\/saesoteria.fi\/kauppa\/wp-json\/wp\/v2\/product_tag?post=4374"}],"curies":[{"name":"wp","href":"https:\/\/api.w.org\/{rel}","templated":true}]}}