{"id":4376,"date":"2015-12-16T13:32:01","date_gmt":"2015-12-16T13:32:01","guid":{"rendered":"https:\/\/saesoteria.fi\/kauppa\/?post_type=product&#038;p=4376"},"modified":"2022-10-05T10:14:23","modified_gmt":"2022-10-05T10:14:23","slug":"the-lost-symbol","status":"publish","type":"product","link":"https:\/\/saesoteria.fi\/kauppa\/tuote\/the-lost-symbol\/","title":{"rendered":"The Lost Symbol"},"content":{"rendered":"","protected":false},"excerpt":{"rendered":"<p>Tekij\u00e4:<br \/>\nTuoteryhm\u00e4:Dan Brown<br \/>\nKustantaja:Anchor Books<br \/>\nKieli:englanti<br \/>\nPainovuosi:2009<br \/>\nPainos:<br \/>\nSivum\u00e4\u00e4r\u00e4:603s.<br \/>\nSidonta:nidottu<br \/>\nKunto:K3 (K5=uusi, K4=erinomainen, K3=hyv\u00e4, K2=tyydytt\u00e4v\u00e4, K1=kehno) <\/p>\n","protected":false},"featured_media":1617,"template":"","meta":[],"product_brand":[],"product_cat":[50,73],"product_tag":[],"class_list":{"0":"post-4376","1":"product","2":"type-product","3":"status-publish","4":"has-post-thumbnail","6":"product_cat-englanninkielinen","7":"product_cat-kaunokirjallisuus","9":"first","10":"instock","11":"shipping-taxable","12":"purchasable","13":"product-type-simple"},"_links":{"self":[{"href":"https:\/\/saesoteria.fi\/kauppa\/wp-json\/wp\/v2\/product\/4376","targetHints":{"allow":["GET"]}}],"collection":[{"href":"https:\/\/saesoteria.fi\/kauppa\/wp-json\/wp\/v2\/product"}],"about":[{"href":"https:\/\/saesoteria.fi\/kauppa\/wp-json\/wp\/v2\/types\/product"}],"wp:featuredmedia":[{"embeddable":true,"href":"https:\/\/saesoteria.fi\/kauppa\/wp-json\/wp\/v2\/media\/1617"}],"wp:attachment":[{"href":"https:\/\/saesoteria.fi\/kauppa\/wp-json\/wp\/v2\/media?parent=4376"}],"wp:term":[{"taxonomy":"product_brand","embeddable":true,"href":"https:\/\/saesoteria.fi\/kauppa\/wp-json\/wp\/v2\/product_brand?post=4376"},{"taxonomy":"product_cat","embeddable":true,"href":"https:\/\/saesoteria.fi\/kauppa\/wp-json\/wp\/v2\/product_cat?post=4376"},{"taxonomy":"product_tag","embeddable":true,"href":"https:\/\/saesoteria.fi\/kauppa\/wp-json\/wp\/v2\/product_tag?post=4376"}],"curies":[{"name":"wp","href":"https:\/\/api.w.org\/{rel}","templated":true}]}}