{"id":4387,"date":"2017-04-12T09:14:34","date_gmt":"2017-04-12T09:14:34","guid":{"rendered":"https:\/\/saesoteria.fi\/kauppa\/?post_type=product&#038;p=4387"},"modified":"2022-10-05T10:23:53","modified_gmt":"2022-10-05T10:23:53","slug":"nuoruuteni-keskitysleirissa-zvi-barlev","status":"publish","type":"product","link":"https:\/\/saesoteria.fi\/kauppa\/tuote\/nuoruuteni-keskitysleirissa-zvi-barlev\/","title":{"rendered":"Nuoruuteni keskitysleiriss\u00e4, Zvi Barlev"},"content":{"rendered":"","protected":false},"excerpt":{"rendered":"<p>Tekij\u00e4:Zvi Barlev<br \/>\nKustantaja:Kirjayhtym\u00e4<br \/>\nKieli:suomi<br \/>\nPainovuosi:1984<br \/>\nPainos:<br \/>\nSivum\u00e4\u00e4r\u00e4:279s.<br \/>\nSidonta:sidottu, kansipaperit<br \/>\nKunto:K2 (K5=uusi, K4=erinomainen, K3=hyv\u00e4, K2=tyydytt\u00e4v\u00e4, K1=kehno) <\/p>\n","protected":false},"featured_media":4856,"template":"","meta":[],"product_brand":[],"product_cat":[85,76,83],"product_tag":[],"class_list":{"0":"post-4387","1":"product","2":"type-product","3":"status-publish","4":"has-post-thumbnail","6":"product_cat-historia","7":"product_cat-kokemuskertomus","8":"product_cat-sota","10":"first","11":"instock","12":"shipping-taxable","13":"purchasable","14":"product-type-simple"},"_links":{"self":[{"href":"https:\/\/saesoteria.fi\/kauppa\/wp-json\/wp\/v2\/product\/4387","targetHints":{"allow":["GET"]}}],"collection":[{"href":"https:\/\/saesoteria.fi\/kauppa\/wp-json\/wp\/v2\/product"}],"about":[{"href":"https:\/\/saesoteria.fi\/kauppa\/wp-json\/wp\/v2\/types\/product"}],"wp:featuredmedia":[{"embeddable":true,"href":"https:\/\/saesoteria.fi\/kauppa\/wp-json\/wp\/v2\/media\/4856"}],"wp:attachment":[{"href":"https:\/\/saesoteria.fi\/kauppa\/wp-json\/wp\/v2\/media?parent=4387"}],"wp:term":[{"taxonomy":"product_brand","embeddable":true,"href":"https:\/\/saesoteria.fi\/kauppa\/wp-json\/wp\/v2\/product_brand?post=4387"},{"taxonomy":"product_cat","embeddable":true,"href":"https:\/\/saesoteria.fi\/kauppa\/wp-json\/wp\/v2\/product_cat?post=4387"},{"taxonomy":"product_tag","embeddable":true,"href":"https:\/\/saesoteria.fi\/kauppa\/wp-json\/wp\/v2\/product_tag?post=4387"}],"curies":[{"name":"wp","href":"https:\/\/api.w.org\/{rel}","templated":true}]}}