{"id":4399,"date":"2017-04-19T09:24:09","date_gmt":"2017-04-19T09:24:09","guid":{"rendered":"https:\/\/saesoteria.fi\/kauppa\/?post_type=product&#038;p=4399"},"modified":"2022-10-05T10:24:01","modified_gmt":"2022-10-05T10:24:01","slug":"valheen-jaljet-helenkay-dimon","status":"publish","type":"product","link":"https:\/\/saesoteria.fi\/kauppa\/tuote\/valheen-jaljet-helenkay-dimon\/","title":{"rendered":"Valheen j\u00e4ljet, HelenKay Dimon"},"content":{"rendered":"","protected":false},"excerpt":{"rendered":"<p>Tekij\u00e4:HelenKay Dimon<br \/>\nKustantaja:Harlequin<br \/>\nKieli:suomi<br \/>\nPainovuosi:2011<br \/>\nPainos:<br \/>\nSivum\u00e4\u00e4r\u00e4:248s.<br \/>\nSidonta:nidottu<br \/>\nKunto:K2 (K5=uusi, K4=erinomainen, K3=hyv\u00e4, K2=tyydytt\u00e4v\u00e4, K1=kehno) <\/p>\n","protected":false},"featured_media":4860,"template":"","meta":[],"product_brand":[],"product_cat":[73,59],"product_tag":[],"class_list":{"0":"post-4399","1":"product","2":"type-product","3":"status-publish","4":"has-post-thumbnail","6":"product_cat-kaunokirjallisuus","7":"product_cat-romantiikka-kirjat","9":"first","10":"instock","11":"shipping-taxable","12":"purchasable","13":"product-type-simple"},"_links":{"self":[{"href":"https:\/\/saesoteria.fi\/kauppa\/wp-json\/wp\/v2\/product\/4399","targetHints":{"allow":["GET"]}}],"collection":[{"href":"https:\/\/saesoteria.fi\/kauppa\/wp-json\/wp\/v2\/product"}],"about":[{"href":"https:\/\/saesoteria.fi\/kauppa\/wp-json\/wp\/v2\/types\/product"}],"wp:featuredmedia":[{"embeddable":true,"href":"https:\/\/saesoteria.fi\/kauppa\/wp-json\/wp\/v2\/media\/4860"}],"wp:attachment":[{"href":"https:\/\/saesoteria.fi\/kauppa\/wp-json\/wp\/v2\/media?parent=4399"}],"wp:term":[{"taxonomy":"product_brand","embeddable":true,"href":"https:\/\/saesoteria.fi\/kauppa\/wp-json\/wp\/v2\/product_brand?post=4399"},{"taxonomy":"product_cat","embeddable":true,"href":"https:\/\/saesoteria.fi\/kauppa\/wp-json\/wp\/v2\/product_cat?post=4399"},{"taxonomy":"product_tag","embeddable":true,"href":"https:\/\/saesoteria.fi\/kauppa\/wp-json\/wp\/v2\/product_tag?post=4399"}],"curies":[{"name":"wp","href":"https:\/\/api.w.org\/{rel}","templated":true}]}}