{"id":4548,"date":"2016-03-29T10:48:21","date_gmt":"2016-03-29T10:48:21","guid":{"rendered":"https:\/\/saesoteria.fi\/kauppa\/?post_type=product&#038;p=4548"},"modified":"2022-10-05T10:17:41","modified_gmt":"2022-10-05T10:17:41","slug":"keskenerainen-elama-pirjo-tuominen","status":"publish","type":"product","link":"https:\/\/saesoteria.fi\/kauppa\/tuote\/keskenerainen-elama-pirjo-tuominen\/","title":{"rendered":"Keskener\u00e4inen El\u00e4m\u00e4, Pirjo Tuominen"},"content":{"rendered":"","protected":false},"excerpt":{"rendered":"<p>Tekij\u00e4:Pirjo Tuominen<br \/>\nTuoteryhm\u00e4:<br \/>\nKustantaja:Uusi Kirjakerho<br \/>\nKieli:suomi<br \/>\nPainovuosi:1983<br \/>\nPainos:<br \/>\nSivum\u00e4\u00e4r\u00e4:253s.<br \/>\nSidonta:sidottu,kansipaperit<br \/>\nKunto:K2 (K5=uusi, K4=erinomainen, K3=hyv\u00e4, K2=tyydytt\u00e4v\u00e4, K1=kehno) <\/p>\n","protected":false},"featured_media":2524,"template":"","meta":[],"product_brand":[],"product_cat":[73,59],"product_tag":[],"class_list":{"0":"post-4548","1":"product","2":"type-product","3":"status-publish","4":"has-post-thumbnail","6":"product_cat-kaunokirjallisuus","7":"product_cat-romantiikka-kirjat","9":"first","10":"instock","11":"shipping-taxable","12":"purchasable","13":"product-type-simple"},"_links":{"self":[{"href":"https:\/\/saesoteria.fi\/kauppa\/wp-json\/wp\/v2\/product\/4548","targetHints":{"allow":["GET"]}}],"collection":[{"href":"https:\/\/saesoteria.fi\/kauppa\/wp-json\/wp\/v2\/product"}],"about":[{"href":"https:\/\/saesoteria.fi\/kauppa\/wp-json\/wp\/v2\/types\/product"}],"wp:featuredmedia":[{"embeddable":true,"href":"https:\/\/saesoteria.fi\/kauppa\/wp-json\/wp\/v2\/media\/2524"}],"wp:attachment":[{"href":"https:\/\/saesoteria.fi\/kauppa\/wp-json\/wp\/v2\/media?parent=4548"}],"wp:term":[{"taxonomy":"product_brand","embeddable":true,"href":"https:\/\/saesoteria.fi\/kauppa\/wp-json\/wp\/v2\/product_brand?post=4548"},{"taxonomy":"product_cat","embeddable":true,"href":"https:\/\/saesoteria.fi\/kauppa\/wp-json\/wp\/v2\/product_cat?post=4548"},{"taxonomy":"product_tag","embeddable":true,"href":"https:\/\/saesoteria.fi\/kauppa\/wp-json\/wp\/v2\/product_tag?post=4548"}],"curies":[{"name":"wp","href":"https:\/\/api.w.org\/{rel}","templated":true}]}}