{"id":4654,"date":"2016-07-27T09:07:43","date_gmt":"2016-07-27T09:07:43","guid":{"rendered":"https:\/\/saesoteria.fi\/kauppa\/?post_type=product&#038;p=4654"},"modified":"2022-10-05T10:19:25","modified_gmt":"2022-10-05T10:19:25","slug":"agrippa-eli-eraan-maagikon-matka-sirpa-makela","status":"publish","type":"product","link":"https:\/\/saesoteria.fi\/kauppa\/tuote\/agrippa-eli-eraan-maagikon-matka-sirpa-makela\/","title":{"rendered":"Agrippa &#8211; eli er\u00e4\u00e4n maagikon matka, Sirpa M\u00e4kel\u00e4"},"content":{"rendered":"","protected":false},"excerpt":{"rendered":"<p>Tekij\u00e4:Sirpa M\u00e4kel\u00e4<br \/>\nTuoteryhm\u00e4:<br \/>\nKustantaja:Tammi<br \/>\nKieli:suomi<br \/>\nPainovuosi:1990<br \/>\nPainos:<br \/>\nSivum\u00e4\u00e4r\u00e4:370s.<br \/>\nSidonta:sidottu, kansipaperit<br \/>\nKunto: K3(K5=uusi, K4=erinomainen, K3=hyv\u00e4, K2=tyydytt\u00e4v\u00e4, K1=kehno)<\/p>\n","protected":false},"featured_media":3167,"template":"","meta":[],"product_brand":[],"product_cat":[75,85,73,64],"product_tag":[],"class_list":{"0":"post-4654","1":"product","2":"type-product","3":"status-publish","4":"has-post-thumbnail","6":"product_cat-hengellisyys","7":"product_cat-historia","8":"product_cat-kaunokirjallisuus","9":"product_cat-uskonto","11":"first","12":"instock","13":"shipping-taxable","14":"purchasable","15":"product-type-simple"},"_links":{"self":[{"href":"https:\/\/saesoteria.fi\/kauppa\/wp-json\/wp\/v2\/product\/4654","targetHints":{"allow":["GET"]}}],"collection":[{"href":"https:\/\/saesoteria.fi\/kauppa\/wp-json\/wp\/v2\/product"}],"about":[{"href":"https:\/\/saesoteria.fi\/kauppa\/wp-json\/wp\/v2\/types\/product"}],"wp:featuredmedia":[{"embeddable":true,"href":"https:\/\/saesoteria.fi\/kauppa\/wp-json\/wp\/v2\/media\/3167"}],"wp:attachment":[{"href":"https:\/\/saesoteria.fi\/kauppa\/wp-json\/wp\/v2\/media?parent=4654"}],"wp:term":[{"taxonomy":"product_brand","embeddable":true,"href":"https:\/\/saesoteria.fi\/kauppa\/wp-json\/wp\/v2\/product_brand?post=4654"},{"taxonomy":"product_cat","embeddable":true,"href":"https:\/\/saesoteria.fi\/kauppa\/wp-json\/wp\/v2\/product_cat?post=4654"},{"taxonomy":"product_tag","embeddable":true,"href":"https:\/\/saesoteria.fi\/kauppa\/wp-json\/wp\/v2\/product_tag?post=4654"}],"curies":[{"name":"wp","href":"https:\/\/api.w.org\/{rel}","templated":true}]}}