{"id":4659,"date":"2016-07-27T10:12:44","date_gmt":"2016-07-27T10:12:44","guid":{"rendered":"https:\/\/saesoteria.fi\/kauppa\/?post_type=product&#038;p=4659"},"modified":"2022-10-05T10:19:29","modified_gmt":"2022-10-05T10:19:29","slug":"kiintea-vartalo-ihana-olo-kevytohjelma-marja-putkisto","status":"publish","type":"product","link":"https:\/\/saesoteria.fi\/kauppa\/tuote\/kiintea-vartalo-ihana-olo-kevytohjelma-marja-putkisto\/","title":{"rendered":"Kiinte\u00e4 Vartalo &#038; Ihana Olo &#8211; Kevytohjelma, Marja Putkisto"},"content":{"rendered":"","protected":false},"excerpt":{"rendered":"<p>Tekij\u00e4:Marja Putkisto<br \/>\nTuoteryhm\u00e4:<br \/>\nKustantaja:Gummerus<br \/>\nKieli:suomi<br \/>\nPainovuosi:2008<br \/>\nPainos:<br \/>\nSivum\u00e4\u00e4r\u00e4:111s.<br \/>\nSidonta:sidottu,kuvakannet<br \/>\nKunto:K2  (K5=uusi, K4=erinomainen, K3=hyv\u00e4, K2=tyydytt\u00e4v\u00e4, K1=kehno)<\/p>\n","protected":false},"featured_media":3188,"template":"","meta":[],"product_brand":[],"product_cat":[22,20,60,61],"product_tag":[],"class_list":{"0":"post-4659","1":"product","2":"type-product","3":"status-publish","4":"has-post-thumbnail","6":"product_cat-hyvinvointi","7":"product_cat-oppaat","8":"product_cat-tietokirjallisuus","9":"product_cat-urheilu","11":"first","12":"instock","13":"shipping-taxable","14":"purchasable","15":"product-type-simple"},"_links":{"self":[{"href":"https:\/\/saesoteria.fi\/kauppa\/wp-json\/wp\/v2\/product\/4659","targetHints":{"allow":["GET"]}}],"collection":[{"href":"https:\/\/saesoteria.fi\/kauppa\/wp-json\/wp\/v2\/product"}],"about":[{"href":"https:\/\/saesoteria.fi\/kauppa\/wp-json\/wp\/v2\/types\/product"}],"wp:featuredmedia":[{"embeddable":true,"href":"https:\/\/saesoteria.fi\/kauppa\/wp-json\/wp\/v2\/media\/3188"}],"wp:attachment":[{"href":"https:\/\/saesoteria.fi\/kauppa\/wp-json\/wp\/v2\/media?parent=4659"}],"wp:term":[{"taxonomy":"product_brand","embeddable":true,"href":"https:\/\/saesoteria.fi\/kauppa\/wp-json\/wp\/v2\/product_brand?post=4659"},{"taxonomy":"product_cat","embeddable":true,"href":"https:\/\/saesoteria.fi\/kauppa\/wp-json\/wp\/v2\/product_cat?post=4659"},{"taxonomy":"product_tag","embeddable":true,"href":"https:\/\/saesoteria.fi\/kauppa\/wp-json\/wp\/v2\/product_tag?post=4659"}],"curies":[{"name":"wp","href":"https:\/\/api.w.org\/{rel}","templated":true}]}}