{"id":4678,"date":"2017-07-03T09:14:45","date_gmt":"2017-07-03T09:14:45","guid":{"rendered":"https:\/\/saesoteria.fi\/kauppa\/?post_type=product&#038;p=4678"},"modified":"2022-10-05T10:27:07","modified_gmt":"2022-10-05T10:27:07","slug":"16-blocks-dvd-2","status":"publish","type":"product","link":"https:\/\/saesoteria.fi\/kauppa\/tuote\/16-blocks-dvd-2\/","title":{"rendered":"16 Blocks (DVD)"},"content":{"rendered":"","protected":false},"excerpt":{"rendered":"<p>Laji:toiminta<br \/>\nTuotantovuosi:2006<br \/>\nPituus:n. 1h 37min<br \/>\nKuntoluokitus (levy\/kannet):VG \/VG<br \/>\n(M- = uutta vastaava \/ VG  = hyv\u00e4 kuntoinen \/ VG = k\u00e4yt\u00f6st\u00e4 hieman j\u00e4lke\u00e4 \/ G = kulunut, mutta toimiva)<br \/>\nLis\u00e4tietoa elokuvasta saa  kirjoittamalla elokuvan nimen hakuun osoitteessa: www.imdb.com<\/p>\n","protected":false},"featured_media":4966,"template":"","meta":[],"product_brand":[],"product_cat":[29],"product_tag":[],"class_list":{"0":"post-4678","1":"product","2":"type-product","3":"status-publish","4":"has-post-thumbnail","6":"product_cat-toiminta","8":"first","9":"instock","10":"shipping-taxable","11":"purchasable","12":"product-type-simple"},"_links":{"self":[{"href":"https:\/\/saesoteria.fi\/kauppa\/wp-json\/wp\/v2\/product\/4678","targetHints":{"allow":["GET"]}}],"collection":[{"href":"https:\/\/saesoteria.fi\/kauppa\/wp-json\/wp\/v2\/product"}],"about":[{"href":"https:\/\/saesoteria.fi\/kauppa\/wp-json\/wp\/v2\/types\/product"}],"wp:featuredmedia":[{"embeddable":true,"href":"https:\/\/saesoteria.fi\/kauppa\/wp-json\/wp\/v2\/media\/4966"}],"wp:attachment":[{"href":"https:\/\/saesoteria.fi\/kauppa\/wp-json\/wp\/v2\/media?parent=4678"}],"wp:term":[{"taxonomy":"product_brand","embeddable":true,"href":"https:\/\/saesoteria.fi\/kauppa\/wp-json\/wp\/v2\/product_brand?post=4678"},{"taxonomy":"product_cat","embeddable":true,"href":"https:\/\/saesoteria.fi\/kauppa\/wp-json\/wp\/v2\/product_cat?post=4678"},{"taxonomy":"product_tag","embeddable":true,"href":"https:\/\/saesoteria.fi\/kauppa\/wp-json\/wp\/v2\/product_tag?post=4678"}],"curies":[{"name":"wp","href":"https:\/\/api.w.org\/{rel}","templated":true}]}}