{"id":4739,"date":"2016-09-10T07:41:49","date_gmt":"2016-09-10T07:41:49","guid":{"rendered":"https:\/\/saesoteria.fi\/kauppa\/?post_type=product&#038;p=4739"},"modified":"2022-10-05T10:21:08","modified_gmt":"2022-10-05T10:21:08","slug":"vikings-1-tuotantokausi-blu-ray-uusi-muoveissa","status":"publish","type":"product","link":"https:\/\/saesoteria.fi\/kauppa\/tuote\/vikings-1-tuotantokausi-blu-ray-uusi-muoveissa\/","title":{"rendered":"Vikings, 1. tuotantokausi (Blu-ray) (Uusi muoveissa)"},"content":{"rendered":"","protected":false},"excerpt":{"rendered":"<p>Laji:<br \/>\nTuotantovuosi:2011<br \/>\nPituus:6 h 37 min<br \/>\nKuntoluokitus (levy\/kannet):UUSI MUOVEISSA<br \/>\n(M- = uutta vastaava \/ VG  = hyv\u00e4kuntoinen \/ VG = k\u00e4yt\u00f6st\u00e4 hieman j\u00e4lke\u00e4 \/ G = kulunut, mutta toimiva)<br \/>\nLis\u00e4tietoa elokuvasta saa  kirjoittamalla elokuvan nimen hakuun osoitteessa: www.imdb.com<\/p>\n","protected":false},"featured_media":3604,"template":"","meta":[],"product_brand":[],"product_cat":[28,29,36],"product_tag":[],"class_list":{"0":"post-4739","1":"product","2":"type-product","3":"status-publish","4":"has-post-thumbnail","6":"product_cat-seikkailu","7":"product_cat-toiminta","8":"product_cat-tv-sarjat","10":"first","11":"instock","12":"shipping-taxable","13":"purchasable","14":"product-type-simple"},"_links":{"self":[{"href":"https:\/\/saesoteria.fi\/kauppa\/wp-json\/wp\/v2\/product\/4739","targetHints":{"allow":["GET"]}}],"collection":[{"href":"https:\/\/saesoteria.fi\/kauppa\/wp-json\/wp\/v2\/product"}],"about":[{"href":"https:\/\/saesoteria.fi\/kauppa\/wp-json\/wp\/v2\/types\/product"}],"wp:featuredmedia":[{"embeddable":true,"href":"https:\/\/saesoteria.fi\/kauppa\/wp-json\/wp\/v2\/media\/3604"}],"wp:attachment":[{"href":"https:\/\/saesoteria.fi\/kauppa\/wp-json\/wp\/v2\/media?parent=4739"}],"wp:term":[{"taxonomy":"product_brand","embeddable":true,"href":"https:\/\/saesoteria.fi\/kauppa\/wp-json\/wp\/v2\/product_brand?post=4739"},{"taxonomy":"product_cat","embeddable":true,"href":"https:\/\/saesoteria.fi\/kauppa\/wp-json\/wp\/v2\/product_cat?post=4739"},{"taxonomy":"product_tag","embeddable":true,"href":"https:\/\/saesoteria.fi\/kauppa\/wp-json\/wp\/v2\/product_tag?post=4739"}],"curies":[{"name":"wp","href":"https:\/\/api.w.org\/{rel}","templated":true}]}}