{"id":4791,"date":"2016-10-31T09:37:37","date_gmt":"2016-10-31T09:37:37","guid":{"rendered":"https:\/\/saesoteria.fi\/kauppa\/?post_type=product&#038;p=4791"},"modified":"2022-10-05T10:22:02","modified_gmt":"2022-10-05T10:22:02","slug":"the-one-dvd","status":"publish","type":"product","link":"https:\/\/saesoteria.fi\/kauppa\/tuote\/the-one-dvd\/","title":{"rendered":"The One (DVD)"},"content":{"rendered":"","protected":false},"excerpt":{"rendered":"<p>Laji:toiminta\/sci-fi<br \/>\nTuotantovuosi:2001<br \/>\nPituus:1h 24 min.<br \/>\nKuntoluokitus (levy\/kannet):VG \/VG<br \/>\n(M- = uutta vastaava \/ VG  = hyv\u00e4kuntoinen \/ VG = k\u00e4yt\u00f6st\u00e4 hieman j\u00e4lke\u00e4 \/ G = kulunut, mutta toimiva)<br \/>\nLis\u00e4tietoa elokuvasta saa  kirjoittamalla elokuvan nimen hakuun osoitteessa: www.imdb.com<\/p>\n","protected":false},"featured_media":3887,"template":"","meta":[],"product_brand":[],"product_cat":[34,29],"product_tag":[],"class_list":{"0":"post-4791","1":"product","2":"type-product","3":"status-publish","4":"has-post-thumbnail","6":"product_cat-sci-fi","7":"product_cat-toiminta","9":"first","10":"instock","11":"shipping-taxable","12":"purchasable","13":"product-type-simple"},"_links":{"self":[{"href":"https:\/\/saesoteria.fi\/kauppa\/wp-json\/wp\/v2\/product\/4791","targetHints":{"allow":["GET"]}}],"collection":[{"href":"https:\/\/saesoteria.fi\/kauppa\/wp-json\/wp\/v2\/product"}],"about":[{"href":"https:\/\/saesoteria.fi\/kauppa\/wp-json\/wp\/v2\/types\/product"}],"wp:featuredmedia":[{"embeddable":true,"href":"https:\/\/saesoteria.fi\/kauppa\/wp-json\/wp\/v2\/media\/3887"}],"wp:attachment":[{"href":"https:\/\/saesoteria.fi\/kauppa\/wp-json\/wp\/v2\/media?parent=4791"}],"wp:term":[{"taxonomy":"product_brand","embeddable":true,"href":"https:\/\/saesoteria.fi\/kauppa\/wp-json\/wp\/v2\/product_brand?post=4791"},{"taxonomy":"product_cat","embeddable":true,"href":"https:\/\/saesoteria.fi\/kauppa\/wp-json\/wp\/v2\/product_cat?post=4791"},{"taxonomy":"product_tag","embeddable":true,"href":"https:\/\/saesoteria.fi\/kauppa\/wp-json\/wp\/v2\/product_tag?post=4791"}],"curies":[{"name":"wp","href":"https:\/\/api.w.org\/{rel}","templated":true}]}}