{"id":5058,"date":"2017-10-16T09:29:36","date_gmt":"2017-10-16T09:29:36","guid":{"rendered":"https:\/\/saesoteria.fi\/kauppa\/?post_type=product&#038;p=5058"},"modified":"2022-10-05T10:29:13","modified_gmt":"2022-10-05T10:29:13","slug":"lyhyt-kirjanpidon-oppikirja-vaino-v-virtaneva","status":"publish","type":"product","link":"https:\/\/saesoteria.fi\/kauppa\/tuote\/lyhyt-kirjanpidon-oppikirja-vaino-v-virtaneva\/","title":{"rendered":"Lyhyt kirjanpidon oppikirja, V\u00e4in\u00f6 V. Virtaneva"},"content":{"rendered":"","protected":false},"excerpt":{"rendered":"<p>Tekij\u00e4:V\u00e4in\u00f6 V. Virtaneva<br \/>\nKustantaja:Otava<br \/>\nKieli:suomi<br \/>\nPainovuosi:1965<br \/>\nPainos:5.p.<br \/>\nSivum\u00e4\u00e4r\u00e4:307s.<br \/>\nSidonta:sidottu, kuvak.<br \/>\nKunto: K3 (K5=uusi, K4=erinomainen, K3=hyv\u00e4, K2=tyydytt\u00e4v\u00e4, K1=kehno) <\/p>\n","protected":false},"featured_media":5059,"template":"","meta":[],"product_brand":[],"product_cat":[80,24],"product_tag":[],"class_list":{"0":"post-5058","1":"product","2":"type-product","3":"status-publish","4":"has-post-thumbnail","6":"product_cat-oppikirjat","7":"product_cat-vanhatietokirjallisuus","9":"first","10":"instock","11":"shipping-taxable","12":"purchasable","13":"product-type-simple"},"_links":{"self":[{"href":"https:\/\/saesoteria.fi\/kauppa\/wp-json\/wp\/v2\/product\/5058","targetHints":{"allow":["GET"]}}],"collection":[{"href":"https:\/\/saesoteria.fi\/kauppa\/wp-json\/wp\/v2\/product"}],"about":[{"href":"https:\/\/saesoteria.fi\/kauppa\/wp-json\/wp\/v2\/types\/product"}],"wp:featuredmedia":[{"embeddable":true,"href":"https:\/\/saesoteria.fi\/kauppa\/wp-json\/wp\/v2\/media\/5059"}],"wp:attachment":[{"href":"https:\/\/saesoteria.fi\/kauppa\/wp-json\/wp\/v2\/media?parent=5058"}],"wp:term":[{"taxonomy":"product_brand","embeddable":true,"href":"https:\/\/saesoteria.fi\/kauppa\/wp-json\/wp\/v2\/product_brand?post=5058"},{"taxonomy":"product_cat","embeddable":true,"href":"https:\/\/saesoteria.fi\/kauppa\/wp-json\/wp\/v2\/product_cat?post=5058"},{"taxonomy":"product_tag","embeddable":true,"href":"https:\/\/saesoteria.fi\/kauppa\/wp-json\/wp\/v2\/product_tag?post=5058"}],"curies":[{"name":"wp","href":"https:\/\/api.w.org\/{rel}","templated":true}]}}