{"id":5095,"date":"2017-12-02T10:52:22","date_gmt":"2017-12-02T10:52:22","guid":{"rendered":"https:\/\/saesoteria.fi\/kauppa\/?post_type=product&#038;p=5095"},"modified":"2022-10-05T10:29:50","modified_gmt":"2022-10-05T10:29:50","slug":"lenin-elama-ja-tyo-marx-engels-lenin-instituutti","status":"publish","type":"product","link":"https:\/\/saesoteria.fi\/kauppa\/tuote\/lenin-elama-ja-tyo-marx-engels-lenin-instituutti\/","title":{"rendered":"Lenin &#8211; El\u00e4m\u00e4 ja ty\u00f6, Marx-Engels-Lenin Instituutti"},"content":{"rendered":"","protected":false},"excerpt":{"rendered":"<p>Tekij\u00e4:Marx-Engels-Lenin Instituutti<br \/>\nKustantaja:Kansankulttuuri Oy<br \/>\nKieli:suomi<br \/>\nPainovuosi:1946<br \/>\nPainos:<br \/>\nSivum\u00e4\u00e4r\u00e4:277s.<br \/>\nSidonta:sidottu<br \/>\nKunto:K2  (K5=uusi, K4=erinomainen, K3=hyv\u00e4, K2=tyydytt\u00e4v\u00e4, K1=kehno) <\/p>\n","protected":false},"featured_media":5096,"template":"","meta":[],"product_brand":[],"product_cat":[86,70,78,24,79],"product_tag":[],"class_list":{"0":"post-5095","1":"product","2":"type-product","3":"status-publish","4":"has-post-thumbnail","6":"product_cat-elamakerta","7":"product_cat-huumori","8":"product_cat-politiikka","9":"product_cat-vanhatietokirjallisuus","10":"product_cat-yhteiskunta","12":"first","13":"instock","14":"shipping-taxable","15":"purchasable","16":"product-type-simple"},"_links":{"self":[{"href":"https:\/\/saesoteria.fi\/kauppa\/wp-json\/wp\/v2\/product\/5095","targetHints":{"allow":["GET"]}}],"collection":[{"href":"https:\/\/saesoteria.fi\/kauppa\/wp-json\/wp\/v2\/product"}],"about":[{"href":"https:\/\/saesoteria.fi\/kauppa\/wp-json\/wp\/v2\/types\/product"}],"wp:featuredmedia":[{"embeddable":true,"href":"https:\/\/saesoteria.fi\/kauppa\/wp-json\/wp\/v2\/media\/5096"}],"wp:attachment":[{"href":"https:\/\/saesoteria.fi\/kauppa\/wp-json\/wp\/v2\/media?parent=5095"}],"wp:term":[{"taxonomy":"product_brand","embeddable":true,"href":"https:\/\/saesoteria.fi\/kauppa\/wp-json\/wp\/v2\/product_brand?post=5095"},{"taxonomy":"product_cat","embeddable":true,"href":"https:\/\/saesoteria.fi\/kauppa\/wp-json\/wp\/v2\/product_cat?post=5095"},{"taxonomy":"product_tag","embeddable":true,"href":"https:\/\/saesoteria.fi\/kauppa\/wp-json\/wp\/v2\/product_tag?post=5095"}],"curies":[{"name":"wp","href":"https:\/\/api.w.org\/{rel}","templated":true}]}}