{"id":5150,"date":"2018-05-17T11:53:55","date_gmt":"2018-05-17T11:53:55","guid":{"rendered":"https:\/\/saesoteria.fi\/kauppa\/?post_type=product&#038;p=5150"},"modified":"2022-10-06T06:32:20","modified_gmt":"2022-10-06T06:32:20","slug":"ihanat-vuodenajat-kodin-kuvalehti","status":"publish","type":"product","link":"https:\/\/saesoteria.fi\/kauppa\/tuote\/ihanat-vuodenajat-kodin-kuvalehti\/","title":{"rendered":"Ihanat vuodenajat, Kodin Kuvalehti"},"content":{"rendered":"","protected":false},"excerpt":{"rendered":"<p>Tekij\u00e4:Kodin Kuvalehti<br \/>\nKustantaja:Helsinki Media<br \/>\nKieli:suomi<br \/>\nPainovuosi:2000<br \/>\nPainos:<br \/>\nSivum\u00e4\u00e4r\u00e4:68s.<br \/>\nSidonta:sidottu, kuvakannet<br \/>\nKunto:K3 (K5=uusi, K4=erinomainen, K3=hyv\u00e4, K2=tyydytt\u00e4v\u00e4, K1=kehno) <\/p>\n","protected":false},"featured_media":7372,"template":"","meta":[],"product_brand":[],"product_cat":[49,20,60],"product_tag":[],"class_list":{"0":"post-5150","1":"product","2":"type-product","3":"status-publish","4":"has-post-thumbnail","6":"product_cat-keittokirjat","7":"product_cat-oppaat","8":"product_cat-tietokirjallisuus","10":"first","11":"instock","12":"shipping-taxable","13":"purchasable","14":"product-type-simple"},"_links":{"self":[{"href":"https:\/\/saesoteria.fi\/kauppa\/wp-json\/wp\/v2\/product\/5150","targetHints":{"allow":["GET"]}}],"collection":[{"href":"https:\/\/saesoteria.fi\/kauppa\/wp-json\/wp\/v2\/product"}],"about":[{"href":"https:\/\/saesoteria.fi\/kauppa\/wp-json\/wp\/v2\/types\/product"}],"wp:featuredmedia":[{"embeddable":true,"href":"https:\/\/saesoteria.fi\/kauppa\/wp-json\/wp\/v2\/media\/7372"}],"wp:attachment":[{"href":"https:\/\/saesoteria.fi\/kauppa\/wp-json\/wp\/v2\/media?parent=5150"}],"wp:term":[{"taxonomy":"product_brand","embeddable":true,"href":"https:\/\/saesoteria.fi\/kauppa\/wp-json\/wp\/v2\/product_brand?post=5150"},{"taxonomy":"product_cat","embeddable":true,"href":"https:\/\/saesoteria.fi\/kauppa\/wp-json\/wp\/v2\/product_cat?post=5150"},{"taxonomy":"product_tag","embeddable":true,"href":"https:\/\/saesoteria.fi\/kauppa\/wp-json\/wp\/v2\/product_tag?post=5150"}],"curies":[{"name":"wp","href":"https:\/\/api.w.org\/{rel}","templated":true}]}}