{"id":5233,"date":"2018-07-11T10:39:06","date_gmt":"2018-07-11T10:39:06","guid":{"rendered":"https:\/\/saesoteria.fi\/kauppa\/?post_type=product&#038;p=5233"},"modified":"2022-10-06T06:33:33","modified_gmt":"2022-10-06T06:33:33","slug":"suomen-kansan-aikakirjat-10-osa-einar-w-juva","status":"publish","type":"product","link":"https:\/\/saesoteria.fi\/kauppa\/tuote\/suomen-kansan-aikakirjat-10-osa-einar-w-juva\/","title":{"rendered":"Suomen Kansan Aikakirjat &#8211; 10. osa, Einar W. Juva"},"content":{"rendered":"","protected":false},"excerpt":{"rendered":"<p>Tekij\u00e4:Einar W. Juva<br \/>\nKustantaja:Otava<br \/>\nKieli:suomi<br \/>\nPainovuosi:1938<br \/>\nPainos:<br \/>\nSivum\u00e4\u00e4r\u00e4:653s.<br \/>\nSidonta:sidottu<br \/>\nKunto:K3 (K5=uusi, K4=erinomainen, K3=hyv\u00e4, K2=tyydytt\u00e4v\u00e4, K1=kehno) <\/p>\n","protected":false},"featured_media":7408,"template":"","meta":[],"product_brand":[],"product_cat":[85,24,79],"product_tag":[],"class_list":{"0":"post-5233","1":"product","2":"type-product","3":"status-publish","4":"has-post-thumbnail","6":"product_cat-historia","7":"product_cat-vanhatietokirjallisuus","8":"product_cat-yhteiskunta","10":"first","11":"instock","12":"shipping-taxable","13":"purchasable","14":"product-type-simple"},"_links":{"self":[{"href":"https:\/\/saesoteria.fi\/kauppa\/wp-json\/wp\/v2\/product\/5233","targetHints":{"allow":["GET"]}}],"collection":[{"href":"https:\/\/saesoteria.fi\/kauppa\/wp-json\/wp\/v2\/product"}],"about":[{"href":"https:\/\/saesoteria.fi\/kauppa\/wp-json\/wp\/v2\/types\/product"}],"wp:featuredmedia":[{"embeddable":true,"href":"https:\/\/saesoteria.fi\/kauppa\/wp-json\/wp\/v2\/media\/7408"}],"wp:attachment":[{"href":"https:\/\/saesoteria.fi\/kauppa\/wp-json\/wp\/v2\/media?parent=5233"}],"wp:term":[{"taxonomy":"product_brand","embeddable":true,"href":"https:\/\/saesoteria.fi\/kauppa\/wp-json\/wp\/v2\/product_brand?post=5233"},{"taxonomy":"product_cat","embeddable":true,"href":"https:\/\/saesoteria.fi\/kauppa\/wp-json\/wp\/v2\/product_cat?post=5233"},{"taxonomy":"product_tag","embeddable":true,"href":"https:\/\/saesoteria.fi\/kauppa\/wp-json\/wp\/v2\/product_tag?post=5233"}],"curies":[{"name":"wp","href":"https:\/\/api.w.org\/{rel}","templated":true}]}}