{"id":5243,"date":"2018-07-30T11:11:13","date_gmt":"2018-07-30T11:11:13","guid":{"rendered":"https:\/\/saesoteria.fi\/kauppa\/?post_type=product&#038;p=5243"},"modified":"2022-10-06T06:33:45","modified_gmt":"2022-10-06T06:33:45","slug":"shopaholic-ties-the-knot-sophie-kinsella","status":"publish","type":"product","link":"https:\/\/saesoteria.fi\/kauppa\/tuote\/shopaholic-ties-the-knot-sophie-kinsella\/","title":{"rendered":"Shopaholic Ties the Knot, Sophie Kinsella"},"content":{"rendered":"","protected":false},"excerpt":{"rendered":"<p>Tekij\u00e4:Sophie Kinsella<br \/>\nKustantaja:Black Swan<br \/>\nKieli:englanti<br \/>\nPainovuosi:2002<br \/>\nPainos:<br \/>\nSivum\u00e4\u00e4r\u00e4:393s.<br \/>\nSidonta:nidottu<br \/>\nKunto:K3 (K5=uusi, K4=erinomainen, K3=hyv\u00e4, K2=tyydytt\u00e4v\u00e4, K1=kehno) <\/p>\n","protected":false},"featured_media":7414,"template":"","meta":[],"product_brand":[],"product_cat":[50,73,59],"product_tag":[],"class_list":{"0":"post-5243","1":"product","2":"type-product","3":"status-publish","4":"has-post-thumbnail","6":"product_cat-englanninkielinen","7":"product_cat-kaunokirjallisuus","8":"product_cat-romantiikka-kirjat","10":"first","11":"instock","12":"shipping-taxable","13":"purchasable","14":"product-type-simple"},"_links":{"self":[{"href":"https:\/\/saesoteria.fi\/kauppa\/wp-json\/wp\/v2\/product\/5243","targetHints":{"allow":["GET"]}}],"collection":[{"href":"https:\/\/saesoteria.fi\/kauppa\/wp-json\/wp\/v2\/product"}],"about":[{"href":"https:\/\/saesoteria.fi\/kauppa\/wp-json\/wp\/v2\/types\/product"}],"wp:featuredmedia":[{"embeddable":true,"href":"https:\/\/saesoteria.fi\/kauppa\/wp-json\/wp\/v2\/media\/7414"}],"wp:attachment":[{"href":"https:\/\/saesoteria.fi\/kauppa\/wp-json\/wp\/v2\/media?parent=5243"}],"wp:term":[{"taxonomy":"product_brand","embeddable":true,"href":"https:\/\/saesoteria.fi\/kauppa\/wp-json\/wp\/v2\/product_brand?post=5243"},{"taxonomy":"product_cat","embeddable":true,"href":"https:\/\/saesoteria.fi\/kauppa\/wp-json\/wp\/v2\/product_cat?post=5243"},{"taxonomy":"product_tag","embeddable":true,"href":"https:\/\/saesoteria.fi\/kauppa\/wp-json\/wp\/v2\/product_tag?post=5243"}],"curies":[{"name":"wp","href":"https:\/\/api.w.org\/{rel}","templated":true}]}}