{"id":5330,"date":"2018-10-15T11:28:21","date_gmt":"2018-10-15T11:28:21","guid":{"rendered":"https:\/\/saesoteria.fi\/kauppa\/?post_type=product&#038;p=5330"},"modified":"2022-10-06T06:35:07","modified_gmt":"2022-10-06T06:35:07","slug":"generation-a-douglas-coupland","status":"publish","type":"product","link":"https:\/\/saesoteria.fi\/kauppa\/tuote\/generation-a-douglas-coupland\/","title":{"rendered":"Generation A, Douglas Coupland"},"content":{"rendered":"","protected":false},"excerpt":{"rendered":"<p><span style=\"color: #333333;\"><span style=\"font-family: Georgia, 'Times New Roman', 'Bitstream Charter', Times, serif;\"><span style=\"font-size: medium;\">Tekij\u00e4:Douglas Coupland<\/span><\/span><\/span><br \/>\n<span style=\"color: #333333;\"><span style=\"font-family: Georgia, 'Times New Roman', 'Bitstream Charter', Times, serif;\"><span style=\"font-size: medium;\">Kustantaja:Windmill Books<\/span><\/span><\/span><br \/>\n<span style=\"color: #333333;\"><span style=\"font-family: Georgia, 'Times New Roman', 'Bitstream Charter', Times, serif;\"><span style=\"font-size: medium;\">Kieli:englanti<\/span><\/span><\/span><br \/>\n<span style=\"color: #333333;\"><span style=\"font-family: Georgia, 'Times New Roman', 'Bitstream Charter', Times, serif;\"><span style=\"font-size: medium;\">Painovuosi:2010<\/span><\/span><\/span><br \/>\n<span style=\"color: #333333;\"><span style=\"font-family: Georgia, 'Times New Roman', 'Bitstream Charter', Times, serif;\"><span style=\"font-size: medium;\">Painos:<\/span><\/span><\/span><br \/>\n<span style=\"color: #333333;\"><span style=\"font-family: Georgia, 'Times New Roman', 'Bitstream Charter', Times, serif;\"><span style=\"font-size: medium;\">Sivum\u00e4\u00e4r\u00e4:357s.<\/span><\/span><\/span><br \/>\n<span style=\"color: #333333;\"><span style=\"font-family: Georgia, 'Times New Roman', 'Bitstream Charter', Times, serif;\"><span style=\"font-size: medium;\">Sidonta:nidottu<\/span><\/span><\/span><br \/>\n<span style=\"color: #333333;\"><span style=\"font-family: Georgia, 'Times New Roman', 'Bitstream Charter', Times, serif;\"><span style=\"font-size: medium;\">Kunto: K3(K5=uusi, K4=erinomainen, K3=hyv\u00e4, K2=tyydytt\u00e4v\u00e4, K1=kehno)<\/span><\/span><\/span><\/p>\n","protected":false},"featured_media":7450,"template":"","meta":[],"product_brand":[],"product_cat":[50,74,79],"product_tag":[],"class_list":{"0":"post-5330","1":"product","2":"type-product","3":"status-publish","4":"has-post-thumbnail","6":"product_cat-englanninkielinen","7":"product_cat-pokkari","8":"product_cat-yhteiskunta","10":"first","11":"instock","12":"shipping-taxable","13":"purchasable","14":"product-type-simple"},"_links":{"self":[{"href":"https:\/\/saesoteria.fi\/kauppa\/wp-json\/wp\/v2\/product\/5330","targetHints":{"allow":["GET"]}}],"collection":[{"href":"https:\/\/saesoteria.fi\/kauppa\/wp-json\/wp\/v2\/product"}],"about":[{"href":"https:\/\/saesoteria.fi\/kauppa\/wp-json\/wp\/v2\/types\/product"}],"wp:featuredmedia":[{"embeddable":true,"href":"https:\/\/saesoteria.fi\/kauppa\/wp-json\/wp\/v2\/media\/7450"}],"wp:attachment":[{"href":"https:\/\/saesoteria.fi\/kauppa\/wp-json\/wp\/v2\/media?parent=5330"}],"wp:term":[{"taxonomy":"product_brand","embeddable":true,"href":"https:\/\/saesoteria.fi\/kauppa\/wp-json\/wp\/v2\/product_brand?post=5330"},{"taxonomy":"product_cat","embeddable":true,"href":"https:\/\/saesoteria.fi\/kauppa\/wp-json\/wp\/v2\/product_cat?post=5330"},{"taxonomy":"product_tag","embeddable":true,"href":"https:\/\/saesoteria.fi\/kauppa\/wp-json\/wp\/v2\/product_tag?post=5330"}],"curies":[{"name":"wp","href":"https:\/\/api.w.org\/{rel}","templated":true}]}}