{"id":5707,"date":"2019-11-11T11:45:52","date_gmt":"2019-11-11T11:45:52","guid":{"rendered":"https:\/\/saesoteria.fi\/kauppa\/?post_type=product&#038;p=5707"},"modified":"2022-10-06T05:52:54","modified_gmt":"2022-10-06T05:52:54","slug":"soita-minulle-helena-rasanen-aino","status":"publish","type":"product","link":"https:\/\/saesoteria.fi\/kauppa\/tuote\/soita-minulle-helena-rasanen-aino\/","title":{"rendered":"Soita Minulle, Helena!, R\u00e4s\u00e4nen Aino"},"content":{"rendered":"","protected":false},"excerpt":{"rendered":"<p><span style=\"color: #333333;\"><span style=\"font-family: Georgia, Times New Roman, Bitstream Charter, Times, serif;\"><span style=\"font-size: medium;\">Tekij\u00e4:R\u00e4s\u00e4nen Aino<\/span><\/span><\/span><br \/>\n<span style=\"color: #333333;\"><span style=\"font-family: Georgia, Times New Roman, Bitstream Charter, Times, serif;\"><span style=\"font-size: medium;\">Kustantaja:Arvi A. Karisto Osakeyhti\u00f6<\/span><\/span><\/span><br \/>\n<span style=\"color: #333333;\"><span style=\"font-family: Georgia, Times New Roman, Bitstream Charter, Times, serif;\"><span style=\"font-size: medium;\">Kieli:suomi<\/span><\/span><\/span><br \/>\n<span style=\"color: #333333;\"><span style=\"font-family: Georgia, Times New Roman, Bitstream Charter, Times, serif;\"><span style=\"font-size: medium;\">Painovuosi:1946<\/span><\/span><\/span><br \/>\n<span style=\"color: #333333;\"><span style=\"font-family: Georgia, Times New Roman, Bitstream Charter, Times, serif;\"><span style=\"font-size: medium;\">Painos:6.p.<\/span><\/span><\/span><br \/>\n<span style=\"color: #333333;\"><span style=\"font-family: Georgia, Times New Roman, Bitstream Charter, Times, serif;\"><span style=\"font-size: medium;\">Sivum\u00e4\u00e4r\u00e4:314s.<\/span><\/span><\/span><br \/>\n<span style=\"color: #333333;\"><span style=\"font-family: Georgia, Times New Roman, Bitstream Charter, Times, serif;\"><span style=\"font-size: medium;\">Sidonta:sidottu<\/span><\/span><\/span><br \/>\n<span style=\"color: #333333;\"><span style=\"font-family: Georgia, Times New Roman, Bitstream Charter, Times, serif;\"><span style=\"font-size: medium;\">Kunto: K2(K5=uusi, K4=erinomainen, K3=hyv\u00e4, K2=tyydytt\u00e4v\u00e4, K1=kehno)<\/span><\/span><\/span><\/p>\n","protected":false},"featured_media":6145,"template":"","meta":[],"product_brand":[],"product_cat":[23],"product_tag":[],"class_list":{"0":"post-5707","1":"product","2":"type-product","3":"status-publish","4":"has-post-thumbnail","6":"product_cat-vanhakaunokirjallisuus","8":"first","9":"instock","10":"shipping-taxable","11":"purchasable","12":"product-type-simple"},"_links":{"self":[{"href":"https:\/\/saesoteria.fi\/kauppa\/wp-json\/wp\/v2\/product\/5707","targetHints":{"allow":["GET"]}}],"collection":[{"href":"https:\/\/saesoteria.fi\/kauppa\/wp-json\/wp\/v2\/product"}],"about":[{"href":"https:\/\/saesoteria.fi\/kauppa\/wp-json\/wp\/v2\/types\/product"}],"wp:featuredmedia":[{"embeddable":true,"href":"https:\/\/saesoteria.fi\/kauppa\/wp-json\/wp\/v2\/media\/6145"}],"wp:attachment":[{"href":"https:\/\/saesoteria.fi\/kauppa\/wp-json\/wp\/v2\/media?parent=5707"}],"wp:term":[{"taxonomy":"product_brand","embeddable":true,"href":"https:\/\/saesoteria.fi\/kauppa\/wp-json\/wp\/v2\/product_brand?post=5707"},{"taxonomy":"product_cat","embeddable":true,"href":"https:\/\/saesoteria.fi\/kauppa\/wp-json\/wp\/v2\/product_cat?post=5707"},{"taxonomy":"product_tag","embeddable":true,"href":"https:\/\/saesoteria.fi\/kauppa\/wp-json\/wp\/v2\/product_tag?post=5707"}],"curies":[{"name":"wp","href":"https:\/\/api.w.org\/{rel}","templated":true}]}}