{"id":5938,"date":"2018-01-02T11:36:29","date_gmt":"2018-01-02T11:36:29","guid":{"rendered":"https:\/\/saesoteria.fi\/kauppa\/?post_type=product&#038;p=5938"},"modified":"2022-10-05T10:53:24","modified_gmt":"2022-10-05T10:53:24","slug":"vangitse-minut-vapaaksi-kata-karkkainen","status":"publish","type":"product","link":"https:\/\/saesoteria.fi\/kauppa\/tuote\/vangitse-minut-vapaaksi-kata-karkkainen\/","title":{"rendered":"Vangitse minut vapaaksi, Kata K\u00e4rkk\u00e4inen"},"content":{"rendered":"","protected":false},"excerpt":{"rendered":"<p>Tekij\u00e4:Kata K\u00e4rkk\u00e4inen<br \/>\nKustantaja:Tammi<br \/>\nKieli:suomi<br \/>\nPainovuosi:2001<br \/>\nPainos:<br \/>\nSivum\u00e4\u00e4r\u00e4:129s.<br \/>\nSidonta:sidottu, kansipaperit<br \/>\nKunto:K3 (K5=uusi, K4=erinomainen, K3=hyv\u00e4, K2=tyydytt\u00e4v\u00e4, K1=kehno) <\/p>\n","protected":false},"featured_media":5939,"template":"","meta":[],"product_brand":[],"product_cat":[73,59],"product_tag":[],"class_list":{"0":"post-5938","1":"product","2":"type-product","3":"status-publish","4":"has-post-thumbnail","6":"product_cat-kaunokirjallisuus","7":"product_cat-romantiikka-kirjat","9":"first","10":"instock","11":"shipping-taxable","12":"purchasable","13":"product-type-simple"},"_links":{"self":[{"href":"https:\/\/saesoteria.fi\/kauppa\/wp-json\/wp\/v2\/product\/5938","targetHints":{"allow":["GET"]}}],"collection":[{"href":"https:\/\/saesoteria.fi\/kauppa\/wp-json\/wp\/v2\/product"}],"about":[{"href":"https:\/\/saesoteria.fi\/kauppa\/wp-json\/wp\/v2\/types\/product"}],"wp:featuredmedia":[{"embeddable":true,"href":"https:\/\/saesoteria.fi\/kauppa\/wp-json\/wp\/v2\/media\/5939"}],"wp:attachment":[{"href":"https:\/\/saesoteria.fi\/kauppa\/wp-json\/wp\/v2\/media?parent=5938"}],"wp:term":[{"taxonomy":"product_brand","embeddable":true,"href":"https:\/\/saesoteria.fi\/kauppa\/wp-json\/wp\/v2\/product_brand?post=5938"},{"taxonomy":"product_cat","embeddable":true,"href":"https:\/\/saesoteria.fi\/kauppa\/wp-json\/wp\/v2\/product_cat?post=5938"},{"taxonomy":"product_tag","embeddable":true,"href":"https:\/\/saesoteria.fi\/kauppa\/wp-json\/wp\/v2\/product_tag?post=5938"}],"curies":[{"name":"wp","href":"https:\/\/api.w.org\/{rel}","templated":true}]}}