{"id":6260,"date":"2020-07-16T09:27:16","date_gmt":"2020-07-16T09:27:16","guid":{"rendered":"https:\/\/saesoteria.fi\/kauppa\/?post_type=product&#038;p=6260"},"modified":"2022-10-06T05:53:51","modified_gmt":"2022-10-06T05:53:51","slug":"tie-tahtiin-barbara-taylor-bradford","status":"publish","type":"product","link":"https:\/\/saesoteria.fi\/kauppa\/tuote\/tie-tahtiin-barbara-taylor-bradford\/","title":{"rendered":"Tie T\u00e4htiin, Barbara Taylor Bradford"},"content":{"rendered":"","protected":false},"excerpt":{"rendered":"<p><span style=\"color: #333333;\"><span style=\"font-family: Georgia, Times New Roman, Bitstream Charter, Times, serif;\"><span style=\"font-size: medium;\">Tekij\u00e4:Barbara Taylor Bradford<\/span><\/span><\/span><br \/>\n<span style=\"color: #333333;\"><span style=\"font-family: Georgia, Times New Roman, Bitstream Charter, Times, serif;\"><span style=\"font-size: medium;\">Kustantaja:WSOY<\/span><\/span><\/span><br \/>\n<span style=\"color: #333333;\"><span style=\"font-family: Georgia, Times New Roman, Bitstream Charter, Times, serif;\"><span style=\"font-size: medium;\">Kieli:suomi<\/span><\/span><\/span><br \/>\n<span style=\"color: #333333;\"><span style=\"font-family: Georgia, Times New Roman, Bitstream Charter, Times, serif;\"><span style=\"font-size: medium;\">Painovuosi:2002<\/span><\/span><\/span><br \/>\n<span style=\"color: #333333;\"><span style=\"font-family: Georgia, Times New Roman, Bitstream Charter, Times, serif;\"><span style=\"font-size: medium;\">Painos:<\/span><\/span><\/span><br \/>\n<span style=\"color: #333333;\"><span style=\"font-family: Georgia, Times New Roman, Bitstream Charter, Times, serif;\"><span style=\"font-size: medium;\">Sivum\u00e4\u00e4r\u00e4:337s.<\/span><\/span><\/span><br \/>\n<span style=\"color: #333333;\"><span style=\"font-family: Georgia, Times New Roman, Bitstream Charter, Times, serif;\"><span style=\"font-size: medium;\">Sidonta:sidottu, kansipaperit<\/span><\/span><\/span><br \/>\n<span style=\"color: #333333;\"><span style=\"font-family: Georgia, Times New Roman, Bitstream Charter, Times, serif;\"><span style=\"font-size: medium;\">Kunto:K3 (K5=uusi, K4=erinomainen, K3=hyv\u00e4, K2=tyydytt\u00e4v\u00e4, K1=kehno)<\/span><\/span><\/span><\/p>\n","protected":false},"featured_media":6261,"template":"","meta":[],"product_brand":[],"product_cat":[84,59],"product_tag":[],"class_list":{"0":"post-6260","1":"product","2":"type-product","3":"status-publish","4":"has-post-thumbnail","6":"product_cat-rikoskirjallisuus","7":"product_cat-romantiikka-kirjat","9":"first","10":"instock","11":"shipping-taxable","12":"purchasable","13":"product-type-simple"},"_links":{"self":[{"href":"https:\/\/saesoteria.fi\/kauppa\/wp-json\/wp\/v2\/product\/6260","targetHints":{"allow":["GET"]}}],"collection":[{"href":"https:\/\/saesoteria.fi\/kauppa\/wp-json\/wp\/v2\/product"}],"about":[{"href":"https:\/\/saesoteria.fi\/kauppa\/wp-json\/wp\/v2\/types\/product"}],"wp:featuredmedia":[{"embeddable":true,"href":"https:\/\/saesoteria.fi\/kauppa\/wp-json\/wp\/v2\/media\/6261"}],"wp:attachment":[{"href":"https:\/\/saesoteria.fi\/kauppa\/wp-json\/wp\/v2\/media?parent=6260"}],"wp:term":[{"taxonomy":"product_brand","embeddable":true,"href":"https:\/\/saesoteria.fi\/kauppa\/wp-json\/wp\/v2\/product_brand?post=6260"},{"taxonomy":"product_cat","embeddable":true,"href":"https:\/\/saesoteria.fi\/kauppa\/wp-json\/wp\/v2\/product_cat?post=6260"},{"taxonomy":"product_tag","embeddable":true,"href":"https:\/\/saesoteria.fi\/kauppa\/wp-json\/wp\/v2\/product_tag?post=6260"}],"curies":[{"name":"wp","href":"https:\/\/api.w.org\/{rel}","templated":true}]}}