{"id":6263,"date":"2020-07-16T09:44:08","date_gmt":"2020-07-16T09:44:08","guid":{"rendered":"https:\/\/saesoteria.fi\/kauppa\/?post_type=product&#038;p=6263"},"modified":"2022-10-06T05:53:51","modified_gmt":"2022-10-06T05:53:51","slug":"pimeyden-tango-reijo-maki","status":"publish","type":"product","link":"https:\/\/saesoteria.fi\/kauppa\/tuote\/pimeyden-tango-reijo-maki\/","title":{"rendered":"Pimeyden Tango, Reijo M\u00e4ki"},"content":{"rendered":"","protected":false},"excerpt":{"rendered":"<p><span style=\"color: #333333;\"><span style=\"font-family: Georgia, Times New Roman, Bitstream Charter, Times, serif;\"><span style=\"font-size: medium;\">Tekij\u00e4:Reijo M\u00e4ki<\/span><\/span><\/span><br \/>\n<span style=\"color: #333333;\"><span style=\"font-family: Georgia, Times New Roman, Bitstream Charter, Times, serif;\"><span style=\"font-size: medium;\">Kustantaja:Seven<\/span><\/span><\/span><br \/>\n<span style=\"color: #333333;\"><span style=\"font-family: Georgia, Times New Roman, Bitstream Charter, Times, serif;\"><span style=\"font-size: medium;\">Kieli:suomi<\/span><\/span><\/span><br \/>\n<span style=\"color: #333333;\"><span style=\"font-family: Georgia, Times New Roman, Bitstream Charter, Times, serif;\"><span style=\"font-size: medium;\">Painovuosi:2006<\/span><\/span><\/span><br \/>\n<span style=\"color: #333333;\"><span style=\"font-family: Georgia, Times New Roman, Bitstream Charter, Times, serif;\"><span style=\"font-size: medium;\">Painos:6.p.<\/span><\/span><\/span><br \/>\n<span style=\"color: #333333;\"><span style=\"font-family: Georgia, Times New Roman, Bitstream Charter, Times, serif;\"><span style=\"font-size: medium;\">Sivum\u00e4\u00e4r\u00e4:303s.<\/span><\/span><\/span><br \/>\n<span style=\"color: #333333;\"><span style=\"font-family: Georgia, Times New Roman, Bitstream Charter, Times, serif;\"><span style=\"font-size: medium;\">Sidonta:nidottu<\/span><\/span><\/span><br \/>\n<span style=\"color: #333333;\"><span style=\"font-family: Georgia, Times New Roman, Bitstream Charter, Times, serif;\"><span style=\"font-size: medium;\">Kunto: K3(K5=uusi, K4=erinomainen, K3=hyv\u00e4, K2=tyydytt\u00e4v\u00e4, K1=kehno)<\/span><\/span><\/span><\/p>\n","protected":false},"featured_media":6264,"template":"","meta":[],"product_brand":[],"product_cat":[84],"product_tag":[],"class_list":{"0":"post-6263","1":"product","2":"type-product","3":"status-publish","4":"has-post-thumbnail","6":"product_cat-rikoskirjallisuus","8":"first","9":"instock","10":"shipping-taxable","11":"purchasable","12":"product-type-simple"},"_links":{"self":[{"href":"https:\/\/saesoteria.fi\/kauppa\/wp-json\/wp\/v2\/product\/6263","targetHints":{"allow":["GET"]}}],"collection":[{"href":"https:\/\/saesoteria.fi\/kauppa\/wp-json\/wp\/v2\/product"}],"about":[{"href":"https:\/\/saesoteria.fi\/kauppa\/wp-json\/wp\/v2\/types\/product"}],"wp:featuredmedia":[{"embeddable":true,"href":"https:\/\/saesoteria.fi\/kauppa\/wp-json\/wp\/v2\/media\/6264"}],"wp:attachment":[{"href":"https:\/\/saesoteria.fi\/kauppa\/wp-json\/wp\/v2\/media?parent=6263"}],"wp:term":[{"taxonomy":"product_brand","embeddable":true,"href":"https:\/\/saesoteria.fi\/kauppa\/wp-json\/wp\/v2\/product_brand?post=6263"},{"taxonomy":"product_cat","embeddable":true,"href":"https:\/\/saesoteria.fi\/kauppa\/wp-json\/wp\/v2\/product_cat?post=6263"},{"taxonomy":"product_tag","embeddable":true,"href":"https:\/\/saesoteria.fi\/kauppa\/wp-json\/wp\/v2\/product_tag?post=6263"}],"curies":[{"name":"wp","href":"https:\/\/api.w.org\/{rel}","templated":true}]}}