{"id":6351,"date":"2021-03-18T10:50:14","date_gmt":"2021-03-18T10:50:14","guid":{"rendered":"https:\/\/saesoteria.fi\/kauppa\/?post_type=product&#038;p=6351"},"modified":"2022-10-06T05:52:25","modified_gmt":"2022-10-06T05:52:25","slug":"kesakeittion-herkut-ja-huulet-jaakko-kolmonen-veijo-vanamo-2","status":"publish","type":"product","link":"https:\/\/saesoteria.fi\/kauppa\/tuote\/kesakeittion-herkut-ja-huulet-jaakko-kolmonen-veijo-vanamo-2\/","title":{"rendered":"Kes\u00e4keitti\u00f6n herkut ja huulet, Jaakko Kolmonen, Veijo Vanamo"},"content":{"rendered":"","protected":false},"excerpt":{"rendered":"<p>Tekij\u00e4:Jaakko Kolmonen, Veijo Vanamo<br \/>Kustantaja:Neuvontakokit<br \/>Kieli:suomi<br \/>Painovuosi:<br \/>Painos:<br \/>Sivum\u00e4\u00e4r\u00e4:101s.<br \/>Sidonta:nidottu<br \/>Kunto:K3 (K5=uusi, K4=erinomainen, K3=hyv\u00e4, K2=tyydytt\u00e4v\u00e4, K1=kehno)<\/p>\n","protected":false},"featured_media":6352,"template":"","meta":[],"product_brand":[],"product_cat":[49],"product_tag":[],"class_list":{"0":"post-6351","1":"product","2":"type-product","3":"status-publish","4":"has-post-thumbnail","6":"product_cat-keittokirjat","8":"first","9":"instock","10":"shipping-taxable","11":"purchasable","12":"product-type-simple"},"_links":{"self":[{"href":"https:\/\/saesoteria.fi\/kauppa\/wp-json\/wp\/v2\/product\/6351","targetHints":{"allow":["GET"]}}],"collection":[{"href":"https:\/\/saesoteria.fi\/kauppa\/wp-json\/wp\/v2\/product"}],"about":[{"href":"https:\/\/saesoteria.fi\/kauppa\/wp-json\/wp\/v2\/types\/product"}],"wp:featuredmedia":[{"embeddable":true,"href":"https:\/\/saesoteria.fi\/kauppa\/wp-json\/wp\/v2\/media\/6352"}],"wp:attachment":[{"href":"https:\/\/saesoteria.fi\/kauppa\/wp-json\/wp\/v2\/media?parent=6351"}],"wp:term":[{"taxonomy":"product_brand","embeddable":true,"href":"https:\/\/saesoteria.fi\/kauppa\/wp-json\/wp\/v2\/product_brand?post=6351"},{"taxonomy":"product_cat","embeddable":true,"href":"https:\/\/saesoteria.fi\/kauppa\/wp-json\/wp\/v2\/product_cat?post=6351"},{"taxonomy":"product_tag","embeddable":true,"href":"https:\/\/saesoteria.fi\/kauppa\/wp-json\/wp\/v2\/product_tag?post=6351"}],"curies":[{"name":"wp","href":"https:\/\/api.w.org\/{rel}","templated":true}]}}