{"id":6372,"date":"2021-04-28T09:05:49","date_gmt":"2021-04-28T09:05:49","guid":{"rendered":"https:\/\/saesoteria.fi\/kauppa\/?post_type=product&#038;p=6372"},"modified":"2022-10-06T05:54:49","modified_gmt":"2022-10-06T05:54:49","slug":"kun-kahvi-kukkii-ana-veloso","status":"publish","type":"product","link":"https:\/\/saesoteria.fi\/kauppa\/tuote\/kun-kahvi-kukkii-ana-veloso\/","title":{"rendered":"Kun Kahvi Kukkii, Ana Veloso"},"content":{"rendered":"","protected":false},"excerpt":{"rendered":"<p class=\"Standard\" style=\"line-height: 18.0pt;\"><span style=\"font-family: 'Georgia, 'Times New Roman', \u027bi'; color: #333333;\">Tekij\u00e4:Ana Veloso<\/span><br \/><span style=\"font-family: 'Georgia, 'Times New Roman', \u027bi'; color: #333333;\">Kustantaja:Tammi<\/span><br \/><span style=\"font-family: 'Georgia, 'Times New Roman', \u027bi'; color: #333333;\">Kieli:suomi<\/span><br \/><span style=\"font-family: 'Georgia, 'Times New Roman', \u027bi'; color: #333333;\">Painovuosi:2008<\/span><br \/><span style=\"font-family: 'Georgia, 'Times New Roman', \u027bi'; color: #333333;\">Painos:2.p.<\/span><br \/><span style=\"font-family: 'Georgia, 'Times New Roman', \u027bi'; color: #333333;\">Sivum\u00e4\u00e4r\u00e4:600s.<\/span><br \/><span style=\"font-family: 'Georgia, 'Times New Roman', \u027bi'; color: #333333;\">Sidonta:nidottu<\/span><br \/><span style=\"font-family: 'Georgia, 'Times New Roman', \u027bi'; color: #333333;\">Kunto:K2 (K5=uusi, K4=erinomainen, K3=hyv\u00e4, K2=tyydytt\u00e4v\u00e4, K1=kehno)<\/span><\/p>\n","protected":false},"featured_media":6373,"template":"","meta":[],"product_brand":[],"product_cat":[73,59],"product_tag":[],"class_list":{"0":"post-6372","1":"product","2":"type-product","3":"status-publish","4":"has-post-thumbnail","6":"product_cat-kaunokirjallisuus","7":"product_cat-romantiikka-kirjat","9":"first","10":"instock","11":"shipping-taxable","12":"purchasable","13":"product-type-simple"},"_links":{"self":[{"href":"https:\/\/saesoteria.fi\/kauppa\/wp-json\/wp\/v2\/product\/6372","targetHints":{"allow":["GET"]}}],"collection":[{"href":"https:\/\/saesoteria.fi\/kauppa\/wp-json\/wp\/v2\/product"}],"about":[{"href":"https:\/\/saesoteria.fi\/kauppa\/wp-json\/wp\/v2\/types\/product"}],"wp:featuredmedia":[{"embeddable":true,"href":"https:\/\/saesoteria.fi\/kauppa\/wp-json\/wp\/v2\/media\/6373"}],"wp:attachment":[{"href":"https:\/\/saesoteria.fi\/kauppa\/wp-json\/wp\/v2\/media?parent=6372"}],"wp:term":[{"taxonomy":"product_brand","embeddable":true,"href":"https:\/\/saesoteria.fi\/kauppa\/wp-json\/wp\/v2\/product_brand?post=6372"},{"taxonomy":"product_cat","embeddable":true,"href":"https:\/\/saesoteria.fi\/kauppa\/wp-json\/wp\/v2\/product_cat?post=6372"},{"taxonomy":"product_tag","embeddable":true,"href":"https:\/\/saesoteria.fi\/kauppa\/wp-json\/wp\/v2\/product_tag?post=6372"}],"curies":[{"name":"wp","href":"https:\/\/api.w.org\/{rel}","templated":true}]}}