{"id":6375,"date":"2021-04-28T09:11:04","date_gmt":"2021-04-28T09:11:04","guid":{"rendered":"https:\/\/saesoteria.fi\/kauppa\/?post_type=product&#038;p=6375"},"modified":"2022-10-06T05:54:49","modified_gmt":"2022-10-06T05:54:49","slug":"onnellisten-saaret-jack-ja-dorothy-fields","status":"publish","type":"product","link":"https:\/\/saesoteria.fi\/kauppa\/tuote\/onnellisten-saaret-jack-ja-dorothy-fields\/","title":{"rendered":"Onnellisten Saaret, Jack ja Dorothy Fields"},"content":{"rendered":"","protected":false},"excerpt":{"rendered":"<p class=\"Standard\" style=\"line-height: 18.0pt;\"><span style=\"font-family: 'Georgia, 'Times New Roman', \u027bi'; color: #333333;\">Tekij\u00e4:Jack ja Dorothy Fields<\/span><br \/><span style=\"font-family: 'Georgia, 'Times New Roman', \u027bi'; color: #333333;\">Kustantaja:Uusi Kirjakerho<\/span><br \/><span style=\"font-family: 'Georgia, 'Times New Roman', \u027bi'; color: #333333;\">Kieli:suomi<\/span><br \/><span style=\"font-family: 'Georgia, 'Times New Roman', \u027bi'; color: #333333;\">Painovuosi:1974<\/span><br \/><span style=\"font-family: 'Georgia, 'Times New Roman', \u027bi'; color: #333333;\">Painos:<\/span><br \/><span style=\"font-family: 'Georgia, 'Times New Roman', \u027bi'; color: #333333;\">Sivum\u00e4\u00e4r\u00e4:249s.<\/span><br \/><span style=\"font-family: 'Georgia, 'Times New Roman', \u027bi'; color: #333333;\">Sidonta:sidottu, kansipaperit<\/span><br \/><span style=\"font-family: 'Georgia, 'Times New Roman', \u027bi'; color: #333333;\">Kunto:K3- (K5=uusi, K4=erinomainen, K3=hyv\u00e4, K2=tyydytt\u00e4v\u00e4, K1=kehno)<\/span><\/p>\n","protected":false},"featured_media":6376,"template":"","meta":[],"product_brand":[],"product_cat":[62,60,79],"product_tag":[],"class_list":{"0":"post-6375","1":"product","2":"type-product","3":"status-publish","4":"has-post-thumbnail","6":"product_cat-matkailu","7":"product_cat-tietokirjallisuus","8":"product_cat-yhteiskunta","10":"first","11":"instock","12":"shipping-taxable","13":"purchasable","14":"product-type-simple"},"_links":{"self":[{"href":"https:\/\/saesoteria.fi\/kauppa\/wp-json\/wp\/v2\/product\/6375","targetHints":{"allow":["GET"]}}],"collection":[{"href":"https:\/\/saesoteria.fi\/kauppa\/wp-json\/wp\/v2\/product"}],"about":[{"href":"https:\/\/saesoteria.fi\/kauppa\/wp-json\/wp\/v2\/types\/product"}],"wp:featuredmedia":[{"embeddable":true,"href":"https:\/\/saesoteria.fi\/kauppa\/wp-json\/wp\/v2\/media\/6376"}],"wp:attachment":[{"href":"https:\/\/saesoteria.fi\/kauppa\/wp-json\/wp\/v2\/media?parent=6375"}],"wp:term":[{"taxonomy":"product_brand","embeddable":true,"href":"https:\/\/saesoteria.fi\/kauppa\/wp-json\/wp\/v2\/product_brand?post=6375"},{"taxonomy":"product_cat","embeddable":true,"href":"https:\/\/saesoteria.fi\/kauppa\/wp-json\/wp\/v2\/product_cat?post=6375"},{"taxonomy":"product_tag","embeddable":true,"href":"https:\/\/saesoteria.fi\/kauppa\/wp-json\/wp\/v2\/product_tag?post=6375"}],"curies":[{"name":"wp","href":"https:\/\/api.w.org\/{rel}","templated":true}]}}