{"id":6381,"date":"2021-05-19T09:04:38","date_gmt":"2021-05-19T09:04:38","guid":{"rendered":"https:\/\/saesoteria.fi\/kauppa\/?post_type=product&#038;p=6381"},"modified":"2022-10-06T05:54:34","modified_gmt":"2022-10-06T05:54:34","slug":"sotaveteraanit-rauhantoissa-vaino-kinnunen","status":"publish","type":"product","link":"https:\/\/saesoteria.fi\/kauppa\/tuote\/sotaveteraanit-rauhantoissa-vaino-kinnunen\/","title":{"rendered":"Sotaveteraanit Rauhant\u00f6iss\u00e4, V\u00e4in\u00f6 Kinnunen"},"content":{"rendered":"","protected":false},"excerpt":{"rendered":"<p>Tekij\u00e4:V\u00e4in\u00f6 Kinnunen<br \/>Kustantaja:<br \/>Kieli:suomi<br \/>Painovuosi:2000<br \/>Painos:<br \/>Sivum\u00e4\u00e4r\u00e4:192s.<br \/>Sidonta:sidottu, kuvakannet<br \/>Kunto: K4(K5=uusi, K4=erinomainen, K3=hyv\u00e4, K2=tyydytt\u00e4v\u00e4, K1=kehno)<\/p>\n","protected":false},"featured_media":6382,"template":"","meta":[],"product_brand":[],"product_cat":[63,83],"product_tag":[],"class_list":{"0":"post-6381","1":"product","2":"type-product","3":"status-publish","4":"has-post-thumbnail","6":"product_cat-rakennustekniikka","7":"product_cat-sota","9":"first","10":"instock","11":"shipping-taxable","12":"purchasable","13":"product-type-simple"},"_links":{"self":[{"href":"https:\/\/saesoteria.fi\/kauppa\/wp-json\/wp\/v2\/product\/6381","targetHints":{"allow":["GET"]}}],"collection":[{"href":"https:\/\/saesoteria.fi\/kauppa\/wp-json\/wp\/v2\/product"}],"about":[{"href":"https:\/\/saesoteria.fi\/kauppa\/wp-json\/wp\/v2\/types\/product"}],"wp:featuredmedia":[{"embeddable":true,"href":"https:\/\/saesoteria.fi\/kauppa\/wp-json\/wp\/v2\/media\/6382"}],"wp:attachment":[{"href":"https:\/\/saesoteria.fi\/kauppa\/wp-json\/wp\/v2\/media?parent=6381"}],"wp:term":[{"taxonomy":"product_brand","embeddable":true,"href":"https:\/\/saesoteria.fi\/kauppa\/wp-json\/wp\/v2\/product_brand?post=6381"},{"taxonomy":"product_cat","embeddable":true,"href":"https:\/\/saesoteria.fi\/kauppa\/wp-json\/wp\/v2\/product_cat?post=6381"},{"taxonomy":"product_tag","embeddable":true,"href":"https:\/\/saesoteria.fi\/kauppa\/wp-json\/wp\/v2\/product_tag?post=6381"}],"curies":[{"name":"wp","href":"https:\/\/api.w.org\/{rel}","templated":true}]}}