{"id":6408,"date":"2021-05-25T09:57:38","date_gmt":"2021-05-25T09:57:38","guid":{"rendered":"https:\/\/saesoteria.fi\/kauppa\/?post_type=product&#038;p=6408"},"modified":"2022-10-06T05:54:19","modified_gmt":"2022-10-06T05:54:19","slug":"sarkaa-ja-samettia-joanne-harris","status":"publish","type":"product","link":"https:\/\/saesoteria.fi\/kauppa\/tuote\/sarkaa-ja-samettia-joanne-harris\/","title":{"rendered":"Sarkaa ja Samettia, Joanne Harris"},"content":{"rendered":"","protected":false},"excerpt":{"rendered":"<p>Tekij\u00e4:Joanne Harris<br \/>Kustantaja:Suuri Suomalainen Kirjakerho<br \/>Kieli:suomi<br \/>Painovuosi:2004<br \/>Painos:<br \/>Sivum\u00e4\u00e4r\u00e4:352s.<br \/>Sidonta:sidottu, kansipaperit<br \/>Kunto:K3 (K5=uusi, K4=erinomainen, K3=hyv\u00e4, K2=tyydytt\u00e4v\u00e4, K1=kehno)<\/p>\n","protected":false},"featured_media":6409,"template":"","meta":[],"product_brand":[],"product_cat":[59],"product_tag":[],"class_list":{"0":"post-6408","1":"product","2":"type-product","3":"status-publish","4":"has-post-thumbnail","6":"product_cat-romantiikka-kirjat","8":"first","9":"instock","10":"shipping-taxable","11":"purchasable","12":"product-type-simple"},"_links":{"self":[{"href":"https:\/\/saesoteria.fi\/kauppa\/wp-json\/wp\/v2\/product\/6408","targetHints":{"allow":["GET"]}}],"collection":[{"href":"https:\/\/saesoteria.fi\/kauppa\/wp-json\/wp\/v2\/product"}],"about":[{"href":"https:\/\/saesoteria.fi\/kauppa\/wp-json\/wp\/v2\/types\/product"}],"wp:featuredmedia":[{"embeddable":true,"href":"https:\/\/saesoteria.fi\/kauppa\/wp-json\/wp\/v2\/media\/6409"}],"wp:attachment":[{"href":"https:\/\/saesoteria.fi\/kauppa\/wp-json\/wp\/v2\/media?parent=6408"}],"wp:term":[{"taxonomy":"product_brand","embeddable":true,"href":"https:\/\/saesoteria.fi\/kauppa\/wp-json\/wp\/v2\/product_brand?post=6408"},{"taxonomy":"product_cat","embeddable":true,"href":"https:\/\/saesoteria.fi\/kauppa\/wp-json\/wp\/v2\/product_cat?post=6408"},{"taxonomy":"product_tag","embeddable":true,"href":"https:\/\/saesoteria.fi\/kauppa\/wp-json\/wp\/v2\/product_tag?post=6408"}],"curies":[{"name":"wp","href":"https:\/\/api.w.org\/{rel}","templated":true}]}}