{"id":6433,"date":"2021-09-29T09:39:19","date_gmt":"2021-09-29T09:39:19","guid":{"rendered":"https:\/\/saesoteria.fi\/kauppa\/?post_type=product&#038;p=6433"},"modified":"2022-10-06T05:53:08","modified_gmt":"2022-10-06T05:53:08","slug":"helsinki-ja-pienen-pojan-varjo-eeva-rista-simo-rista-esa-kero","status":"publish","type":"product","link":"https:\/\/saesoteria.fi\/kauppa\/tuote\/helsinki-ja-pienen-pojan-varjo-eeva-rista-simo-rista-esa-kero\/","title":{"rendered":"Helsinki ja pienen pojan varjo, Eeva Rista, Simo rista, Esa Kero"},"content":{"rendered":"","protected":false},"excerpt":{"rendered":"<p>Tekij\u00e4:Eeva Rista, Simo rista, Esa Kero<br \/>Kustantaja:Rakennusalan kustanatajat RAK, Kustantajat Sarmala Oy<br \/>Kieli:suomi<br \/>Painovuosi:2002<br \/>Painos:<br \/>Sivum\u00e4\u00e4r\u00e4:112s.<br \/>Sidonta:nidottu<br \/>Kunto:K3 (K5=uusi, K4=erinomainen, K3=hyv\u00e4, K2=tyydytt\u00e4v\u00e4, K1=kehno)<\/p>\n","protected":false},"featured_media":6434,"template":"","meta":[],"product_brand":[],"product_cat":[25],"product_tag":[],"class_list":{"0":"post-6433","1":"product","2":"type-product","3":"status-publish","4":"has-post-thumbnail","6":"product_cat-taide","8":"first","9":"instock","10":"shipping-taxable","11":"purchasable","12":"product-type-simple"},"_links":{"self":[{"href":"https:\/\/saesoteria.fi\/kauppa\/wp-json\/wp\/v2\/product\/6433","targetHints":{"allow":["GET"]}}],"collection":[{"href":"https:\/\/saesoteria.fi\/kauppa\/wp-json\/wp\/v2\/product"}],"about":[{"href":"https:\/\/saesoteria.fi\/kauppa\/wp-json\/wp\/v2\/types\/product"}],"wp:featuredmedia":[{"embeddable":true,"href":"https:\/\/saesoteria.fi\/kauppa\/wp-json\/wp\/v2\/media\/6434"}],"wp:attachment":[{"href":"https:\/\/saesoteria.fi\/kauppa\/wp-json\/wp\/v2\/media?parent=6433"}],"wp:term":[{"taxonomy":"product_brand","embeddable":true,"href":"https:\/\/saesoteria.fi\/kauppa\/wp-json\/wp\/v2\/product_brand?post=6433"},{"taxonomy":"product_cat","embeddable":true,"href":"https:\/\/saesoteria.fi\/kauppa\/wp-json\/wp\/v2\/product_cat?post=6433"},{"taxonomy":"product_tag","embeddable":true,"href":"https:\/\/saesoteria.fi\/kauppa\/wp-json\/wp\/v2\/product_tag?post=6433"}],"curies":[{"name":"wp","href":"https:\/\/api.w.org\/{rel}","templated":true}]}}