{"id":6605,"date":"2022-05-15T10:22:04","date_gmt":"2022-05-15T10:22:04","guid":{"rendered":"https:\/\/saesoteria.fi\/kauppa\/?post_type=product&#038;p=6605"},"modified":"2022-10-06T05:54:34","modified_gmt":"2022-10-06T05:54:34","slug":"ruokarouva-enni-mustonen","status":"publish","type":"product","link":"https:\/\/saesoteria.fi\/kauppa\/tuote\/ruokarouva-enni-mustonen\/","title":{"rendered":"Ruokarouva, Enni Mustonen"},"content":{"rendered":"","protected":false},"excerpt":{"rendered":"<p>Tekij\u00e4:Enni Mustonen<br \/>\nKustantaja:Otava<br \/>\nKieli:suomi<br \/>\nPainovuosi:2016<br \/>\nPainos:2.p.<br \/>\nSivum\u00e4\u00e4r\u00e4:430s.<br \/>\nSidonta:sidottu, kansipaperit<br \/>\nKunto:K4 (K5=uusi, K4=erinomainen, K3=hyv\u00e4, K2=tyydytt\u00e4v\u00e4, K1=kehno)<\/p>\n","protected":false},"featured_media":6606,"template":"","meta":[],"product_brand":[],"product_cat":[73],"product_tag":[],"class_list":{"0":"post-6605","1":"product","2":"type-product","3":"status-publish","4":"has-post-thumbnail","6":"product_cat-kaunokirjallisuus","8":"first","9":"instock","10":"shipping-taxable","11":"purchasable","12":"product-type-simple"},"_links":{"self":[{"href":"https:\/\/saesoteria.fi\/kauppa\/wp-json\/wp\/v2\/product\/6605","targetHints":{"allow":["GET"]}}],"collection":[{"href":"https:\/\/saesoteria.fi\/kauppa\/wp-json\/wp\/v2\/product"}],"about":[{"href":"https:\/\/saesoteria.fi\/kauppa\/wp-json\/wp\/v2\/types\/product"}],"wp:featuredmedia":[{"embeddable":true,"href":"https:\/\/saesoteria.fi\/kauppa\/wp-json\/wp\/v2\/media\/6606"}],"wp:attachment":[{"href":"https:\/\/saesoteria.fi\/kauppa\/wp-json\/wp\/v2\/media?parent=6605"}],"wp:term":[{"taxonomy":"product_brand","embeddable":true,"href":"https:\/\/saesoteria.fi\/kauppa\/wp-json\/wp\/v2\/product_brand?post=6605"},{"taxonomy":"product_cat","embeddable":true,"href":"https:\/\/saesoteria.fi\/kauppa\/wp-json\/wp\/v2\/product_cat?post=6605"},{"taxonomy":"product_tag","embeddable":true,"href":"https:\/\/saesoteria.fi\/kauppa\/wp-json\/wp\/v2\/product_tag?post=6605"}],"curies":[{"name":"wp","href":"https:\/\/api.w.org\/{rel}","templated":true}]}}