{"id":6658,"date":"2022-06-07T06:56:57","date_gmt":"2022-06-07T06:56:57","guid":{"rendered":"https:\/\/saesoteria.fi\/kauppa\/?post_type=product&#038;p=6658"},"modified":"2022-10-06T05:54:05","modified_gmt":"2022-10-06T05:54:05","slug":"tallinna-saksankielinen","status":"publish","type":"product","link":"https:\/\/saesoteria.fi\/kauppa\/tuote\/tallinna-saksankielinen\/","title":{"rendered":"Tallinna (saksankielinen)"},"content":{"rendered":"","protected":false},"excerpt":{"rendered":"<p>Tekij\u00e4:<br \/>\nKustantaja:Aurora-Kunstverlag<br \/>\nKieli:saksa<br \/>\nPainovuosi:1980<br \/>\nPainos:<br \/>\nSivum\u00e4\u00e4r\u00e4:181s.<br \/>\nSidonta:sidottu, kansipaperit<br \/>\nKunto: K4(K5=uusi, K4=erinomainen, K3=hyv\u00e4, K2=tyydytt\u00e4v\u00e4, K1=kehno)<\/p>\n","protected":false},"featured_media":6659,"template":"","meta":[],"product_brand":[],"product_cat":[62,63],"product_tag":[],"class_list":{"0":"post-6658","1":"product","2":"type-product","3":"status-publish","4":"has-post-thumbnail","6":"product_cat-matkailu","7":"product_cat-rakennustekniikka","9":"first","10":"instock","11":"shipping-taxable","12":"purchasable","13":"product-type-simple"},"_links":{"self":[{"href":"https:\/\/saesoteria.fi\/kauppa\/wp-json\/wp\/v2\/product\/6658","targetHints":{"allow":["GET"]}}],"collection":[{"href":"https:\/\/saesoteria.fi\/kauppa\/wp-json\/wp\/v2\/product"}],"about":[{"href":"https:\/\/saesoteria.fi\/kauppa\/wp-json\/wp\/v2\/types\/product"}],"wp:featuredmedia":[{"embeddable":true,"href":"https:\/\/saesoteria.fi\/kauppa\/wp-json\/wp\/v2\/media\/6659"}],"wp:attachment":[{"href":"https:\/\/saesoteria.fi\/kauppa\/wp-json\/wp\/v2\/media?parent=6658"}],"wp:term":[{"taxonomy":"product_brand","embeddable":true,"href":"https:\/\/saesoteria.fi\/kauppa\/wp-json\/wp\/v2\/product_brand?post=6658"},{"taxonomy":"product_cat","embeddable":true,"href":"https:\/\/saesoteria.fi\/kauppa\/wp-json\/wp\/v2\/product_cat?post=6658"},{"taxonomy":"product_tag","embeddable":true,"href":"https:\/\/saesoteria.fi\/kauppa\/wp-json\/wp\/v2\/product_tag?post=6658"}],"curies":[{"name":"wp","href":"https:\/\/api.w.org\/{rel}","templated":true}]}}