{"id":6855,"date":"2015-10-01T12:33:33","date_gmt":"2015-10-01T12:33:33","guid":{"rendered":"https:\/\/saesoteria.fi\/kauppa\/?post_type=product&#038;p=6855"},"modified":"2022-10-06T06:01:53","modified_gmt":"2022-10-06T06:01:53","slug":"899e","status":"publish","type":"product","link":"https:\/\/saesoteria.fi\/kauppa\/tuote\/899e\/","title":{"rendered":"8,99\u20ac"},"content":{"rendered":"","protected":false},"excerpt":{"rendered":"<p>Tekij\u00e4:<b>\u00a0Frederic Beigbeder<\/b><br \/>\nTuoteryhm\u00e4:kaunokirjallisuus,pokkarit<br \/>\nSarja: <b><\/b><br \/>\nKustantaja:<b>\u00a0Otava<\/b><br \/>\nKieli:<b> suomi<\/b><br \/>\nPainovuosi:<b>\u00a02008<\/b><br \/>\nPainos:<b> p4<\/b><br \/>\nSivum\u00e4\u00e4r\u00e4:<b> 261<\/b><br \/>\nSidonta:<b>\u00a0nidottu,(pehme\u00e4kantinen)<\/b><br \/>\nKunto:<b> K4<\/b>\u00a0(K5=uusi, K4=erinomainen, K3=hyv\u00e4, K2=tyydytt\u00e4v\u00e4, K1=kehno)<\/p>\n","protected":false},"featured_media":29,"template":"","meta":[],"product_brand":[],"product_cat":[73,74],"product_tag":[],"class_list":{"0":"post-6855","1":"product","2":"type-product","3":"status-publish","4":"has-post-thumbnail","6":"product_cat-kaunokirjallisuus","7":"product_cat-pokkari","9":"first","10":"instock","11":"shipping-taxable","12":"purchasable","13":"product-type-simple"},"_links":{"self":[{"href":"https:\/\/saesoteria.fi\/kauppa\/wp-json\/wp\/v2\/product\/6855","targetHints":{"allow":["GET"]}}],"collection":[{"href":"https:\/\/saesoteria.fi\/kauppa\/wp-json\/wp\/v2\/product"}],"about":[{"href":"https:\/\/saesoteria.fi\/kauppa\/wp-json\/wp\/v2\/types\/product"}],"wp:featuredmedia":[{"embeddable":true,"href":"https:\/\/saesoteria.fi\/kauppa\/wp-json\/wp\/v2\/media\/29"}],"wp:attachment":[{"href":"https:\/\/saesoteria.fi\/kauppa\/wp-json\/wp\/v2\/media?parent=6855"}],"wp:term":[{"taxonomy":"product_brand","embeddable":true,"href":"https:\/\/saesoteria.fi\/kauppa\/wp-json\/wp\/v2\/product_brand?post=6855"},{"taxonomy":"product_cat","embeddable":true,"href":"https:\/\/saesoteria.fi\/kauppa\/wp-json\/wp\/v2\/product_cat?post=6855"},{"taxonomy":"product_tag","embeddable":true,"href":"https:\/\/saesoteria.fi\/kauppa\/wp-json\/wp\/v2\/product_tag?post=6855"}],"curies":[{"name":"wp","href":"https:\/\/api.w.org\/{rel}","templated":true}]}}