{"id":6865,"date":"2015-10-02T11:43:22","date_gmt":"2015-10-02T11:43:22","guid":{"rendered":"https:\/\/saesoteria.fi\/kauppa\/?post_type=product&#038;p=6865"},"modified":"2022-10-06T06:02:21","modified_gmt":"2022-10-06T06:02:21","slug":"jumalasta-seuraava","status":"publish","type":"product","link":"https:\/\/saesoteria.fi\/kauppa\/tuote\/jumalasta-seuraava\/","title":{"rendered":"Jumalasta seuraava"},"content":{"rendered":"","protected":false},"excerpt":{"rendered":"<p><span style=\"color: #333333;\"><span style=\"font-family: Georgia, 'Times New Roman', 'Bitstream Charter', Times, serif;\"><span style=\"font-size: medium;\">Tekij\u00e4:Kata K\u00e4rkk\u00e4inen<\/span><\/span><\/span><br \/>\n<span style=\"color: #333333;\"><span style=\"font-family: Georgia, 'Times New Roman', 'Bitstream Charter', Times, serif;\"><span style=\"font-size: medium;\">Tuoteryhm\u00e4:pokkarit<\/span><\/span><\/span><br \/>\n<span style=\"color: #333333;\"><span style=\"font-family: Georgia, 'Times New Roman', 'Bitstream Charter', Times, serif;\"><span style=\"font-size: medium;\">Kustantaja:Loisto<\/span><\/span><\/span><br \/>\n<span style=\"color: #333333;\"><span style=\"font-family: Georgia, 'Times New Roman', 'Bitstream Charter', Times, serif;\"><span style=\"font-size: medium;\">Kieli:suomi<\/span><\/span><\/span><br \/>\n<span style=\"color: #333333;\"><span style=\"font-family: Georgia, 'Times New Roman', 'Bitstream Charter', Times, serif;\"><span style=\"font-size: medium;\">Painovuosi:2008<\/span><\/span><\/span><br \/>\n<span style=\"color: #333333;\"><span style=\"font-family: Georgia, 'Times New Roman', 'Bitstream Charter', Times, serif;\"><span style=\"font-size: medium;\">Painos:2.p.<\/span><\/span><\/span><br \/>\n<span style=\"color: #333333;\"><span style=\"font-family: Georgia, 'Times New Roman', 'Bitstream Charter', Times, serif;\"><span style=\"font-size: medium;\">Sivum\u00e4\u00e4r\u00e4:376s.<\/span><\/span><\/span><br \/>\n<span style=\"color: #333333;\"><span style=\"font-family: Georgia, 'Times New Roman', 'Bitstream Charter', Times, serif;\"><span style=\"font-size: medium;\">Sidonta:nidottu,pehme\u00e4kantinen<\/span><\/span><\/span><br \/>\n<span style=\"color: #333333;\"><span style=\"font-family: Georgia, 'Times New Roman', 'Bitstream Charter', Times, serif;\"><span style=\"font-size: medium;\">Kunto: K4(K5=uusi, K4=erinomainen, K3=hyv\u00e4, K2=tyydytt\u00e4v\u00e4, K1=kehno)<\/span><\/span><\/span><\/p>\n","protected":false},"featured_media":80,"template":"","meta":[],"product_brand":[],"product_cat":[73,74],"product_tag":[],"class_list":{"0":"post-6865","1":"product","2":"type-product","3":"status-publish","4":"has-post-thumbnail","6":"product_cat-kaunokirjallisuus","7":"product_cat-pokkari","9":"first","10":"instock","11":"shipping-taxable","12":"purchasable","13":"product-type-simple"},"_links":{"self":[{"href":"https:\/\/saesoteria.fi\/kauppa\/wp-json\/wp\/v2\/product\/6865","targetHints":{"allow":["GET"]}}],"collection":[{"href":"https:\/\/saesoteria.fi\/kauppa\/wp-json\/wp\/v2\/product"}],"about":[{"href":"https:\/\/saesoteria.fi\/kauppa\/wp-json\/wp\/v2\/types\/product"}],"wp:featuredmedia":[{"embeddable":true,"href":"https:\/\/saesoteria.fi\/kauppa\/wp-json\/wp\/v2\/media\/80"}],"wp:attachment":[{"href":"https:\/\/saesoteria.fi\/kauppa\/wp-json\/wp\/v2\/media?parent=6865"}],"wp:term":[{"taxonomy":"product_brand","embeddable":true,"href":"https:\/\/saesoteria.fi\/kauppa\/wp-json\/wp\/v2\/product_brand?post=6865"},{"taxonomy":"product_cat","embeddable":true,"href":"https:\/\/saesoteria.fi\/kauppa\/wp-json\/wp\/v2\/product_cat?post=6865"},{"taxonomy":"product_tag","embeddable":true,"href":"https:\/\/saesoteria.fi\/kauppa\/wp-json\/wp\/v2\/product_tag?post=6865"}],"curies":[{"name":"wp","href":"https:\/\/api.w.org\/{rel}","templated":true}]}}