{"id":6931,"date":"2015-10-15T13:25:16","date_gmt":"2015-10-15T13:25:16","guid":{"rendered":"https:\/\/saesoteria.fi\/kauppa\/?post_type=product&#038;p=6931"},"modified":"2022-10-06T06:05:30","modified_gmt":"2022-10-06T06:05:30","slug":"fighting-dvd","status":"publish","type":"product","link":"https:\/\/saesoteria.fi\/kauppa\/tuote\/fighting-dvd\/","title":{"rendered":"Fighting (DVD)"},"content":{"rendered":"","protected":false},"excerpt":{"rendered":"<p>Kategoria:toiminta,draama<br \/>\nTuotantovuosi:2008<br \/>\nPituus:n. 1 h 43 min.<br \/>\nKunto: K4(K5=uusi, K4=erinomainen, K3=hyv\u00e4, K2=tyydytt\u00e4v\u00e4, K1=kehno)<\/p>\n","protected":false},"featured_media":499,"template":"","meta":[],"product_brand":[],"product_cat":[31,29],"product_tag":[],"class_list":{"0":"post-6931","1":"product","2":"type-product","3":"status-publish","4":"has-post-thumbnail","6":"product_cat-draama","7":"product_cat-toiminta","9":"first","10":"instock","11":"shipping-taxable","12":"purchasable","13":"product-type-simple"},"_links":{"self":[{"href":"https:\/\/saesoteria.fi\/kauppa\/wp-json\/wp\/v2\/product\/6931","targetHints":{"allow":["GET"]}}],"collection":[{"href":"https:\/\/saesoteria.fi\/kauppa\/wp-json\/wp\/v2\/product"}],"about":[{"href":"https:\/\/saesoteria.fi\/kauppa\/wp-json\/wp\/v2\/types\/product"}],"wp:featuredmedia":[{"embeddable":true,"href":"https:\/\/saesoteria.fi\/kauppa\/wp-json\/wp\/v2\/media\/499"}],"wp:attachment":[{"href":"https:\/\/saesoteria.fi\/kauppa\/wp-json\/wp\/v2\/media?parent=6931"}],"wp:term":[{"taxonomy":"product_brand","embeddable":true,"href":"https:\/\/saesoteria.fi\/kauppa\/wp-json\/wp\/v2\/product_brand?post=6931"},{"taxonomy":"product_cat","embeddable":true,"href":"https:\/\/saesoteria.fi\/kauppa\/wp-json\/wp\/v2\/product_cat?post=6931"},{"taxonomy":"product_tag","embeddable":true,"href":"https:\/\/saesoteria.fi\/kauppa\/wp-json\/wp\/v2\/product_tag?post=6931"}],"curies":[{"name":"wp","href":"https:\/\/api.w.org\/{rel}","templated":true}]}}