{"id":7513,"date":"2021-05-24T09:39:21","date_gmt":"2021-05-24T09:39:21","guid":{"rendered":"https:\/\/saesoteria.fi\/kauppa\/?post_type=product&#038;p=7513"},"modified":"2022-10-06T06:39:23","modified_gmt":"2022-10-06T06:39:23","slug":"golfherja-lentaa-r-g-klotzner","status":"publish","type":"product","link":"https:\/\/saesoteria.fi\/kauppa\/tuote\/golfherja-lentaa-r-g-klotzner\/","title":{"rendered":"Golfherja lent\u00e4\u00e4, R. G. Klotzner"},"content":{"rendered":"","protected":false},"excerpt":{"rendered":"<p>Tekij\u00e4:R. G. Klotzner<br \/>Kustantaja:Recallmed Oy<br \/>Kieli:suomi<br \/>Painovuosi:2001<br \/>Painos:<br \/>Sivum\u00e4\u00e4r\u00e4:199s.<br \/>Sidonta:sidottu, kuvakannet<br \/>Kunto: K4(K5=uusi, K4=erinomainen, K3=hyv\u00e4, K2=tyydytt\u00e4v\u00e4, K1=kehno)<\/p>\n","protected":false},"featured_media":7514,"template":"","meta":[],"product_brand":[],"product_cat":[70,61],"product_tag":[],"class_list":{"0":"post-7513","1":"product","2":"type-product","3":"status-publish","4":"has-post-thumbnail","6":"product_cat-huumori","7":"product_cat-urheilu","9":"first","10":"instock","11":"shipping-taxable","12":"purchasable","13":"product-type-simple"},"_links":{"self":[{"href":"https:\/\/saesoteria.fi\/kauppa\/wp-json\/wp\/v2\/product\/7513","targetHints":{"allow":["GET"]}}],"collection":[{"href":"https:\/\/saesoteria.fi\/kauppa\/wp-json\/wp\/v2\/product"}],"about":[{"href":"https:\/\/saesoteria.fi\/kauppa\/wp-json\/wp\/v2\/types\/product"}],"wp:featuredmedia":[{"embeddable":true,"href":"https:\/\/saesoteria.fi\/kauppa\/wp-json\/wp\/v2\/media\/7514"}],"wp:attachment":[{"href":"https:\/\/saesoteria.fi\/kauppa\/wp-json\/wp\/v2\/media?parent=7513"}],"wp:term":[{"taxonomy":"product_brand","embeddable":true,"href":"https:\/\/saesoteria.fi\/kauppa\/wp-json\/wp\/v2\/product_brand?post=7513"},{"taxonomy":"product_cat","embeddable":true,"href":"https:\/\/saesoteria.fi\/kauppa\/wp-json\/wp\/v2\/product_cat?post=7513"},{"taxonomy":"product_tag","embeddable":true,"href":"https:\/\/saesoteria.fi\/kauppa\/wp-json\/wp\/v2\/product_tag?post=7513"}],"curies":[{"name":"wp","href":"https:\/\/api.w.org\/{rel}","templated":true}]}}