{"id":7516,"date":"2021-05-24T09:51:39","date_gmt":"2021-05-24T09:51:39","guid":{"rendered":"https:\/\/saesoteria.fi\/kauppa\/?post_type=product&#038;p=7516"},"modified":"2022-10-06T06:39:30","modified_gmt":"2022-10-06T06:39:30","slug":"kesa-ilman-miehia-siri-hustvedt","status":"publish","type":"product","link":"https:\/\/saesoteria.fi\/kauppa\/tuote\/kesa-ilman-miehia-siri-hustvedt\/","title":{"rendered":"Kes\u00e4 ilman miehi\u00e4, Siri Hustvedt"},"content":{"rendered":"","protected":false},"excerpt":{"rendered":"<p>Tekij\u00e4:Siri Hustvedt<br \/>Kustantaja:Otava<br \/>Kieli:suomi<br \/>Painovuosi:2011<br \/>Painos:<br \/>Sivum\u00e4\u00e4r\u00e4:238s.<br \/>Sidonta:sidottu, kansipaperit<br \/>Kunto: K3(K5=uusi, K4=erinomainen, K3=hyv\u00e4, K2=tyydytt\u00e4v\u00e4, K1=kehno)<\/p>\n","protected":false},"featured_media":7517,"template":"","meta":[],"product_brand":[],"product_cat":[59],"product_tag":[],"class_list":{"0":"post-7516","1":"product","2":"type-product","3":"status-publish","4":"has-post-thumbnail","6":"product_cat-romantiikka-kirjat","8":"first","9":"instock","10":"shipping-taxable","11":"purchasable","12":"product-type-simple"},"_links":{"self":[{"href":"https:\/\/saesoteria.fi\/kauppa\/wp-json\/wp\/v2\/product\/7516","targetHints":{"allow":["GET"]}}],"collection":[{"href":"https:\/\/saesoteria.fi\/kauppa\/wp-json\/wp\/v2\/product"}],"about":[{"href":"https:\/\/saesoteria.fi\/kauppa\/wp-json\/wp\/v2\/types\/product"}],"wp:featuredmedia":[{"embeddable":true,"href":"https:\/\/saesoteria.fi\/kauppa\/wp-json\/wp\/v2\/media\/7517"}],"wp:attachment":[{"href":"https:\/\/saesoteria.fi\/kauppa\/wp-json\/wp\/v2\/media?parent=7516"}],"wp:term":[{"taxonomy":"product_brand","embeddable":true,"href":"https:\/\/saesoteria.fi\/kauppa\/wp-json\/wp\/v2\/product_brand?post=7516"},{"taxonomy":"product_cat","embeddable":true,"href":"https:\/\/saesoteria.fi\/kauppa\/wp-json\/wp\/v2\/product_cat?post=7516"},{"taxonomy":"product_tag","embeddable":true,"href":"https:\/\/saesoteria.fi\/kauppa\/wp-json\/wp\/v2\/product_tag?post=7516"}],"curies":[{"name":"wp","href":"https:\/\/api.w.org\/{rel}","templated":true}]}}