{"id":7757,"date":"2022-10-16T10:39:40","date_gmt":"2022-10-16T10:39:40","guid":{"rendered":"https:\/\/saesoteria.fi\/kauppa\/?post_type=product&#038;p=7757"},"modified":"2022-10-16T10:39:40","modified_gmt":"2022-10-16T10:39:40","slug":"koristekehys-4-vari-valkoinen-koko-halkaisija-leveys-21cm-paksuus-5-mm-sisakehys-nelio-sivun-pituus-n-38-mm","status":"publish","type":"product","link":"https:\/\/saesoteria.fi\/kauppa\/tuote\/koristekehys-4-vari-valkoinen-koko-halkaisija-leveys-21cm-paksuus-5-mm-sisakehys-nelio-sivun-pituus-n-38-mm\/","title":{"rendered":"Koristekehys 4, v\u00e4ri: valkoinen, koko: halkaisija leveys: 21cm, paksuus 5 mm, sis\u00e4kehys neli\u00f6: sivun pituus n. 38 mm"},"content":{"rendered":"","protected":false},"excerpt":{"rendered":"<p><span data-contrast=\"auto\">PLA-muovista\u00a0<\/span><span data-contrast=\"auto\">3d tulostettu koristekehys, jossa kolo ripustamiseen.\u00a0<\/span><span data-contrast=\"auto\">Koristeen p<\/span><span data-contrast=\"auto\">ohja<\/span><span data-contrast=\"auto\">puoli<\/span><span data-contrast=\"auto\">\u00a0<\/span><span data-contrast=\"auto\">on\u00a0<\/span><span data-contrast=\"auto\">melko sile\u00e4, johon voi liima<\/span><span data-contrast=\"auto\">ta\u00a0<\/span><span data-contrast=\"auto\">esimerkiksi\u00a0<\/span><span data-contrast=\"auto\">kaksipuolisen<\/span><span data-contrast=\"auto\">\u2013<\/span><span data-contrast=\"auto\">\u00a0tai magneettiteipin kiinnitykseen. Lis\u00e4\u00e4m\u00e4ll\u00e4 hieman liimaa teipin\u00a0<\/span><span data-contrast=\"auto\">ja koristeen v\u00e4liin<\/span><span data-contrast=\"auto\">\u00a0on\u00a0<\/span><span data-contrast=\"auto\">liimapinnan pito<\/span><span data-contrast=\"auto\">\u00a0pienest\u00e4\u00a0<\/span><span data-contrast=\"auto\">pinnan\u00a0<\/span><span data-contrast=\"auto\">ep\u00e4tasaisuudesta johtuen parempi.<\/span><span data-contrast=\"auto\">\u00a0<\/span><span data-ccp-props=\"{&quot;201341983&quot;:0,&quot;335559739&quot;:160,&quot;335559740&quot;:259}\">\u00a0<\/span><\/p>\n<p><span data-contrast=\"auto\">Paksuus\u00a0<\/span><span data-contrast=\"auto\">on<\/span><span data-contrast=\"auto\">\u00a0<\/span><span data-contrast=\"auto\">paksuimmasta<\/span><span data-contrast=\"auto\">\u00a0kohdasta<\/span><span data-contrast=\"auto\">\u00a0ja lev<\/span><span data-contrast=\"auto\">eys on keskelt\u00e4 mitattu. Kulmittain leveys voi vaihdella ja olla suurem<\/span><span data-contrast=\"auto\">pi kuin ilmoitettu.<\/span><span data-ccp-props=\"{&quot;201341983&quot;:0,&quot;335559739&quot;:160,&quot;335559740&quot;:259}\">\u00a0<\/span><\/p>\n<p>Kuvan paikka koristeen keskell\u00e4 on reunoilta viisto sis\u00e4\u00e4np\u00e4in, jotta siihen asetetttu esim. paperille tulostettu kuva pysyy paremmin paikallaan.<\/p>\n<p>Huom: Ei lasten k\u00e4ytt\u00f6\u00f6n.<\/p>\n<p><span data-contrast=\"auto\">Hinta on yhdelle kappaleelle koristeita.<\/span><span data-contrast=\"auto\">\u00a0Hintaan kuuluu vain koriste.<\/span><span data-ccp-props=\"{&quot;201341983&quot;:0,&quot;335559739&quot;:160,&quot;335559740&quot;:259}\">\u00a0<\/span><\/p>\n","protected":false},"featured_media":7758,"template":"","meta":[],"product_brand":[],"product_cat":[90],"product_tag":[],"class_list":{"0":"post-7757","1":"product","2":"type-product","3":"status-publish","4":"has-post-thumbnail","6":"product_cat-koristekehys","8":"first","9":"instock","10":"shipping-taxable","11":"purchasable","12":"product-type-simple"},"_links":{"self":[{"href":"https:\/\/saesoteria.fi\/kauppa\/wp-json\/wp\/v2\/product\/7757","targetHints":{"allow":["GET"]}}],"collection":[{"href":"https:\/\/saesoteria.fi\/kauppa\/wp-json\/wp\/v2\/product"}],"about":[{"href":"https:\/\/saesoteria.fi\/kauppa\/wp-json\/wp\/v2\/types\/product"}],"wp:featuredmedia":[{"embeddable":true,"href":"https:\/\/saesoteria.fi\/kauppa\/wp-json\/wp\/v2\/media\/7758"}],"wp:attachment":[{"href":"https:\/\/saesoteria.fi\/kauppa\/wp-json\/wp\/v2\/media?parent=7757"}],"wp:term":[{"taxonomy":"product_brand","embeddable":true,"href":"https:\/\/saesoteria.fi\/kauppa\/wp-json\/wp\/v2\/product_brand?post=7757"},{"taxonomy":"product_cat","embeddable":true,"href":"https:\/\/saesoteria.fi\/kauppa\/wp-json\/wp\/v2\/product_cat?post=7757"},{"taxonomy":"product_tag","embeddable":true,"href":"https:\/\/saesoteria.fi\/kauppa\/wp-json\/wp\/v2\/product_tag?post=7757"}],"curies":[{"name":"wp","href":"https:\/\/api.w.org\/{rel}","templated":true}]}}