{"id":7978,"date":"2022-10-25T08:15:09","date_gmt":"2022-10-25T08:15:09","guid":{"rendered":"https:\/\/saesoteria.fi\/kauppa\/?post_type=product&#038;p=7978"},"modified":"2022-10-25T08:15:09","modified_gmt":"2022-10-25T08:15:09","slug":"avaimenpera-12-varihopeinen-kultainen-koko-45mmx9mm","status":"publish","type":"product","link":"https:\/\/saesoteria.fi\/kauppa\/tuote\/avaimenpera-12-varihopeinen-kultainen-koko-45mmx9mm\/","title":{"rendered":"Avaimenper\u00e4 12. v\u00e4ri:hopeinen\/kultainen, koko: 45mmx9mm"},"content":{"rendered":"","protected":false},"excerpt":{"rendered":"<p><span data-contrast=\"auto\">PLA-muovista\u00a0<\/span><span data-contrast=\"auto\">3d-tulostettu koriste. Tulostuksen ep\u00e4s\u00e4\u00e4nn\u00f6llisyytt\u00e4 ja j\u00e4\u00e4mi\u00e4 saattaa ilmet\u00e4 kappaleessa. Pieni\u00e4 irtoavia 3d-tulostinlangan j\u00e4\u00e4mi\u00e4 saattaa ilmet\u00e4.<\/span><\/p>\n<p>Huom: Ei lasten k\u00e4ytt\u00f6\u00f6n.<\/p>\n<p><span data-contrast=\"auto\">Hinta on yhdelle kappaleelle koristeita.<\/span><span data-contrast=\"auto\">\u00a0Hintaan kuuluu vain koriste.<\/span><span data-ccp-props=\"{&quot;201341983&quot;:0,&quot;335559739&quot;:160,&quot;335559740&quot;:259}\">\u00a0<\/span><\/p>\n","protected":false},"featured_media":7979,"template":"","meta":[],"product_brand":[],"product_cat":[93],"product_tag":[],"class_list":{"0":"post-7978","1":"product","2":"type-product","3":"status-publish","4":"has-post-thumbnail","6":"product_cat-avaimenpera","8":"first","9":"instock","10":"shipping-taxable","11":"purchasable","12":"product-type-simple"},"_links":{"self":[{"href":"https:\/\/saesoteria.fi\/kauppa\/wp-json\/wp\/v2\/product\/7978","targetHints":{"allow":["GET"]}}],"collection":[{"href":"https:\/\/saesoteria.fi\/kauppa\/wp-json\/wp\/v2\/product"}],"about":[{"href":"https:\/\/saesoteria.fi\/kauppa\/wp-json\/wp\/v2\/types\/product"}],"wp:featuredmedia":[{"embeddable":true,"href":"https:\/\/saesoteria.fi\/kauppa\/wp-json\/wp\/v2\/media\/7979"}],"wp:attachment":[{"href":"https:\/\/saesoteria.fi\/kauppa\/wp-json\/wp\/v2\/media?parent=7978"}],"wp:term":[{"taxonomy":"product_brand","embeddable":true,"href":"https:\/\/saesoteria.fi\/kauppa\/wp-json\/wp\/v2\/product_brand?post=7978"},{"taxonomy":"product_cat","embeddable":true,"href":"https:\/\/saesoteria.fi\/kauppa\/wp-json\/wp\/v2\/product_cat?post=7978"},{"taxonomy":"product_tag","embeddable":true,"href":"https:\/\/saesoteria.fi\/kauppa\/wp-json\/wp\/v2\/product_tag?post=7978"}],"curies":[{"name":"wp","href":"https:\/\/api.w.org\/{rel}","templated":true}]}}