{"id":8102,"date":"2022-10-26T08:28:35","date_gmt":"2022-10-26T08:28:35","guid":{"rendered":"https:\/\/saesoteria.fi\/kauppa\/?post_type=product&#038;p=8102"},"modified":"2022-10-26T08:28:35","modified_gmt":"2022-10-26T08:28:35","slug":"tyokaluteline-2-vari-tumman-harmaa-korkeus-15cm-kork-n-145cm-lev-6cm-syv","status":"publish","type":"product","link":"https:\/\/saesoteria.fi\/kauppa\/tuote\/tyokaluteline-2-vari-tumman-harmaa-korkeus-15cm-kork-n-145cm-lev-6cm-syv\/","title":{"rendered":"Ty\u00f6kaluteline 2. v\u00e4ri: tumman harmaa, korkeus 15cm kork., n. 14,5cm lev., 6cm syv."},"content":{"rendered":"","protected":false},"excerpt":{"rendered":"<p>PLA-muovista\u00a03d-tulostettu teline. Tuotteen pinta ei ole aivan sile\u00e4, tulostuksen ep\u00e4s\u00e4\u00e4nn\u00f6llisyytt\u00e4 ja j\u00e4\u00e4mi\u00e4 saattaa ilmet\u00e4 kappaleessa. Pieni\u00e4 irtoavia 3d-tulostinlangan j\u00e4\u00e4mi\u00e4 saattaa ilmet\u00e4.<\/p>\n<p>Huom: Ei lasten k\u00e4ytt\u00f6\u00f6n.<\/p>\n<p>Hinta on yhdelle kappaleelle telineita. Hintaan kuuluu vain teline.<\/p>\n<p>Telineen esittelyvideo, jossa kokoamisprosessi osista. Tuote toimitetaan 3 eri osassa, joista teline kootaan. T\u00e4m\u00e4n tuotteen v\u00e4ri ei ole sama kuin esittelyvideossa, mutta muuten tuota on vastaava.<\/p>\n<p>https:\/\/youtu.be\/AsX1nb_sjVg<\/p>\n","protected":false},"featured_media":8103,"template":"","meta":[],"product_brand":[],"product_cat":[96],"product_tag":[],"class_list":{"0":"post-8102","1":"product","2":"type-product","3":"status-publish","4":"has-post-thumbnail","6":"product_cat-teline","8":"first","9":"instock","10":"shipping-taxable","11":"purchasable","12":"product-type-simple"},"_links":{"self":[{"href":"https:\/\/saesoteria.fi\/kauppa\/wp-json\/wp\/v2\/product\/8102","targetHints":{"allow":["GET"]}}],"collection":[{"href":"https:\/\/saesoteria.fi\/kauppa\/wp-json\/wp\/v2\/product"}],"about":[{"href":"https:\/\/saesoteria.fi\/kauppa\/wp-json\/wp\/v2\/types\/product"}],"wp:featuredmedia":[{"embeddable":true,"href":"https:\/\/saesoteria.fi\/kauppa\/wp-json\/wp\/v2\/media\/8103"}],"wp:attachment":[{"href":"https:\/\/saesoteria.fi\/kauppa\/wp-json\/wp\/v2\/media?parent=8102"}],"wp:term":[{"taxonomy":"product_brand","embeddable":true,"href":"https:\/\/saesoteria.fi\/kauppa\/wp-json\/wp\/v2\/product_brand?post=8102"},{"taxonomy":"product_cat","embeddable":true,"href":"https:\/\/saesoteria.fi\/kauppa\/wp-json\/wp\/v2\/product_cat?post=8102"},{"taxonomy":"product_tag","embeddable":true,"href":"https:\/\/saesoteria.fi\/kauppa\/wp-json\/wp\/v2\/product_tag?post=8102"}],"curies":[{"name":"wp","href":"https:\/\/api.w.org\/{rel}","templated":true}]}}