{"id":8517,"date":"2022-12-23T07:37:00","date_gmt":"2022-12-23T07:37:00","guid":{"rendered":"https:\/\/saesoteria.fi\/kauppa\/?post_type=product&#038;p=8517"},"modified":"2022-12-23T07:37:00","modified_gmt":"2022-12-23T07:37:00","slug":"kayttotarvike-1-kastelupallo-vari-vihrea","status":"publish","type":"product","link":"https:\/\/saesoteria.fi\/kauppa\/tuote\/kayttotarvike-1-kastelupallo-vari-vihrea\/","title":{"rendered":"K\u00e4ytt\u00f6tarvike 1. kastelupallo, v\u00e4ri: vihre\u00e4"},"content":{"rendered":"","protected":false},"excerpt":{"rendered":"<p>PLA-muovista 3D-tulostettu kastelupallo. Tuotteen pinta ei ole aivan sile\u00e4, tulostuksen ep\u00e4s\u00e4\u00e4nn\u00f6llisyytt\u00e4 ja j\u00e4\u00e4mi\u00e4 saattaa ilmet\u00e4 kappaleessa. Pieni\u00e4 irtoavia 3D-tulostinlangan j\u00e4\u00e4mi\u00e4 saattaa ilmet\u00e4.<\/p>\n<p>Kastelupallo laskee vett\u00e4 hiljalleen tipottain pienest\u00e4 aukosta, reik\u00e4 saattaa tukiutua ja sen voi avata esimerkiksi huuhtelemalla sis\u00e4lt\u00e4 niin ett\u00e4 vesi p\u00e4\u00e4see taas kulkemaan putkessa, jos roskaa on p\u00e4\u00e4ssyt pallon sis\u00e4\u00e4n.<\/p>\n<p>Huom: Ei lasten k\u00e4ytt\u00f6\u00f6n.<\/p>\n<p>Hinta on yhdelle kappaleelle. Hintaan kuuluu vain kastelupallo.<\/p>\n","protected":false},"featured_media":8519,"template":"","meta":[],"product_brand":[],"product_cat":[99],"product_tag":[],"class_list":{"0":"post-8517","1":"product","2":"type-product","3":"status-publish","4":"has-post-thumbnail","6":"product_cat-kayttotarvike","8":"first","9":"instock","10":"shipping-taxable","11":"purchasable","12":"product-type-simple"},"_links":{"self":[{"href":"https:\/\/saesoteria.fi\/kauppa\/wp-json\/wp\/v2\/product\/8517","targetHints":{"allow":["GET"]}}],"collection":[{"href":"https:\/\/saesoteria.fi\/kauppa\/wp-json\/wp\/v2\/product"}],"about":[{"href":"https:\/\/saesoteria.fi\/kauppa\/wp-json\/wp\/v2\/types\/product"}],"wp:featuredmedia":[{"embeddable":true,"href":"https:\/\/saesoteria.fi\/kauppa\/wp-json\/wp\/v2\/media\/8519"}],"wp:attachment":[{"href":"https:\/\/saesoteria.fi\/kauppa\/wp-json\/wp\/v2\/media?parent=8517"}],"wp:term":[{"taxonomy":"product_brand","embeddable":true,"href":"https:\/\/saesoteria.fi\/kauppa\/wp-json\/wp\/v2\/product_brand?post=8517"},{"taxonomy":"product_cat","embeddable":true,"href":"https:\/\/saesoteria.fi\/kauppa\/wp-json\/wp\/v2\/product_cat?post=8517"},{"taxonomy":"product_tag","embeddable":true,"href":"https:\/\/saesoteria.fi\/kauppa\/wp-json\/wp\/v2\/product_tag?post=8517"}],"curies":[{"name":"wp","href":"https:\/\/api.w.org\/{rel}","templated":true}]}}